{"id":1944,"date":"2023-04-17T18:05:16","date_gmt":"2023-04-17T16:05:16","guid":{"rendered":"https:\/\/hotel-allegro.com\/?page_id=1944"},"modified":"2024-09-30T13:59:46","modified_gmt":"2024-09-30T11:59:46","slug":"arrangements","status":"publish","type":"page","link":"https:\/\/hotel-allegro.com\/en\/arrangements\/","title":{"rendered":"Arrangements at Hotel Allegro"},"content":{"rendered":"<div data-elementor-type=\"wp-page\" data-elementor-id=\"1944\" class=\"elementor elementor-1944\" data-elementor-post-type=\"page\">\n\t\t\t\t\t\t<section class=\"elementor-section elementor-top-section elementor-element elementor-element-27420513 elementor-section-content-middle elementor-section-height-min-height elementor-section-boxed elementor-section-height-default elementor-section-items-middle\" data-id=\"27420513\" data-element_type=\"section\" data-e-type=\"section\" data-settings=\"{&quot;background_background&quot;:&quot;classic&quot;}\">\n\t\t\t\t\t\t\t<div class=\"elementor-background-overlay\"><\/div>\n\t\t\t\t\t\t\t<div class=\"elementor-container elementor-column-gap-wider\">\n\t\t\t\t\t<div class=\"elementor-column elementor-col-100 elementor-top-column elementor-element elementor-element-7df4a3d3\" data-id=\"7df4a3d3\" data-element_type=\"column\" data-e-type=\"column\">\n\t\t\t<div class=\"elementor-widget-wrap elementor-element-populated\">\n\t\t\t\t\t\t<div class=\"elementor-element elementor-element-42306c70 animated-slow elementor-invisible elementor-widget elementor-widget-image\" data-id=\"42306c70\" data-element_type=\"widget\" data-e-type=\"widget\" data-settings=\"{&quot;_animation&quot;:&quot;fadeIn&quot;}\" data-widget_type=\"image.default\">\n\t\t\t\t\t\t\t\t\t\t\t\t\t\t\t<img fetchpriority=\"high\" decoding=\"async\" width=\"856\" height=\"245\" src=\"https:\/\/hotel-allegro.com\/wp-content\/uploads\/2023\/04\/logo_allegro_weiss2.png\" class=\"attachment-full size-full wp-image-1110\" alt=\"\" srcset=\"https:\/\/hotel-allegro.com\/wp-content\/uploads\/2023\/04\/logo_allegro_weiss2.png 856w, https:\/\/hotel-allegro.com\/wp-content\/uploads\/2023\/04\/logo_allegro_weiss2-300x86.png 300w, https:\/\/hotel-allegro.com\/wp-content\/uploads\/2023\/04\/logo_allegro_weiss2-768x220.png 768w\" sizes=\"(max-width: 856px) 100vw, 856px\" \/>\t\t\t\t\t\t\t\t\t\t\t\t\t\t\t<\/div>\n\t\t\t\t\t<\/div>\n\t\t<\/div>\n\t\t\t\t\t<\/div>\n\t\t<\/section>\n\t\t\t\t<section class=\"elementor-section elementor-top-section elementor-element elementor-element-5c909721 elementor-section-content-middle elementor-section-boxed elementor-section-height-default elementor-section-height-default\" data-id=\"5c909721\" data-element_type=\"section\" data-e-type=\"section\">\n\t\t\t\t\t\t<div class=\"elementor-container elementor-column-gap-no\">\n\t\t\t\t\t<div class=\"elementor-column elementor-col-100 elementor-top-column elementor-element elementor-element-a6855c3\" data-id=\"a6855c3\" data-element_type=\"column\" data-e-type=\"column\">\n\t\t\t<div class=\"elementor-widget-wrap elementor-element-populated\">\n\t\t\t\t\t\t<div class=\"elementor-element elementor-element-5e963000 elementor-widget elementor-widget-text-editor\" data-id=\"5e963000\" data-element_type=\"widget\" data-e-type=\"widget\" data-widget_type=\"text-editor.default\">\n\t\t\t\t\t\t\t\t\t<h1>Selected arrangements<\/h1>\t\t\t\t\t\t\t\t<\/div>\n\t\t\t\t<div class=\"elementor-element elementor-element-67a7e4d6 elementor-widget elementor-widget-text-editor\" data-id=\"67a7e4d6\" data-element_type=\"widget\" data-e-type=\"widget\" data-widget_type=\"text-editor.default\">\n\t\t\t\t\t\t\t\t\t<p class=\"align-center\">Our arrangements are offers that provide you with a very special stay in Cologne and in our hotel.<\/p>\t\t\t\t\t\t\t\t<\/div>\n\t\t\t\t\t<\/div>\n\t\t<\/div>\n\t\t\t\t\t<\/div>\n\t\t<\/section>\n\t\t\t\t<section class=\"elementor-section elementor-top-section elementor-element elementor-element-0343a3f elementor-section-boxed elementor-section-height-default elementor-section-height-default\" data-id=\"0343a3f\" data-element_type=\"section\" data-e-type=\"section\">\n\t\t\t\t\t\t<div class=\"elementor-container elementor-column-gap-default\">\n\t\t\t\t\t<div class=\"elementor-column elementor-col-50 elementor-top-column elementor-element elementor-element-e53814f animated-slow elementor-invisible\" data-id=\"e53814f\" data-element_type=\"column\" data-e-type=\"column\" data-settings=\"{&quot;animation&quot;:&quot;fadeInLeft&quot;}\">\n\t\t\t<div class=\"elementor-widget-wrap elementor-element-populated\">\n\t\t\t\t\t\t<div class=\"elementor-element elementor-element-9635b8c elementor-widget elementor-widget-image\" data-id=\"9635b8c\" data-element_type=\"widget\" data-e-type=\"widget\" data-widget_type=\"image.default\">\n\t\t\t\t\t\t\t\t\t\t\t\t\t\t\t<img decoding=\"async\" width=\"1920\" height=\"1280\" src=\"https:\/\/hotel-allegro.com\/wp-content\/uploads\/2023\/04\/koeln4-1.jpg\" class=\"attachment-full size-full wp-image-1298\" alt=\"\" srcset=\"https:\/\/hotel-allegro.com\/wp-content\/uploads\/2023\/04\/koeln4-1.jpg 1920w, https:\/\/hotel-allegro.com\/wp-content\/uploads\/2023\/04\/koeln4-1-300x200.jpg 300w, https:\/\/hotel-allegro.com\/wp-content\/uploads\/2023\/04\/koeln4-1-1024x683.jpg 1024w, https:\/\/hotel-allegro.com\/wp-content\/uploads\/2023\/04\/koeln4-1-768x512.jpg 768w, https:\/\/hotel-allegro.com\/wp-content\/uploads\/2023\/04\/koeln4-1-1536x1024.jpg 1536w\" sizes=\"(max-width: 1920px) 100vw, 1920px\" \/>\t\t\t\t\t\t\t\t\t\t\t\t\t\t\t<\/div>\n\t\t\t\t\t<\/div>\n\t\t<\/div>\n\t\t\t\t<div class=\"elementor-column elementor-col-50 elementor-top-column elementor-element elementor-element-79d90f8\" data-id=\"79d90f8\" data-element_type=\"column\" data-e-type=\"column\">\n\t\t\t<div class=\"elementor-widget-wrap elementor-element-populated\">\n\t\t\t\t\t\t<div class=\"elementor-element elementor-element-747fa23 elementor-widget elementor-widget-text-editor\" data-id=\"747fa23\" data-element_type=\"widget\" data-e-type=\"widget\" data-widget_type=\"text-editor.default\">\n\t\t\t\t\t\t\t\t\t<h2 class=\"t pg-2m0 pg-2x8 pg-2h7 pg-2y13 pg-2ff6 pg-2fs2 pg-2fc0 pg-2sc0 pg-2ls7 pg-2ws0\" style=\"text-align: center;\">Arrangement 1: Zu <span class=\"pg-2ls0\">zweit auf <\/span>dem Fahrrad durch <span class=\"pg-2ls8\">K\u00f6ln <\/span><\/h2><h4 class=\"t pg-2m0 pg-2xa pg-2h6 pg-2y15 pg-2ff5 pg-2fs2 pg-2fc0 pg-2sc0 pg-2ls0 pg-2ws0\">&#8222;Entdecken Sie die Freiheit auf R\u00e4dern und erleben Sie dieses unvergessliche Abenteuer zu zweit!&#8220; Mit unserem Angebot k\u00f6nnen Sie K\u00f6ln einmal anders erk<span class=\"pg-2ls8\">undigen und <\/span>historische Momente auf Ihrer Fahrt genie\u00dfen. Ob eine entspannte Fahrt entlang des Rheins oder der Besuch r\u00f6mischer Vergangenheit &#8211; lassen Sie sich von unserer Region verzaubern.<\/h4><div class=\"t pg-2m0 pg-2x9 pg-2h6 pg-2y1a pg-2ff5 pg-2fs2 pg-2fc0 pg-2sc0 pg-2ls0 pg-2ws0\">\u00a0<\/div><div class=\"t pg-2m0 pg-2xf pg-2h6 pg-2y1b pg-2ff5 pg-2fs2 pg-2fc0 pg-2sc0 pg-2ls0 pg-2ws0\">Nach Ihrer Tour k\u00f6nnen Sie Ihr Fahrrad bei uns trocken und sicher in der Tiefgarage unterstellen<span class=\"pg-2ls7\">. <\/span><\/div><div class=\"t pg-2m0 pg-2x11 pg-2h6 pg-2y1d pg-2ff7 pg-2fs2 pg-2fc0 pg-2sc0 pg-2ls0 pg-2ws0\">***<\/div><div class=\"t pg-2m0 pg-2xd pg-2h6 pg-2y1e pg-2ff5 pg-2fs2 pg-2fc0 pg-2sc0 pg-2ls0 pg-2ws0\">Starten Sie Ihren Tag mit einem Fr\u00fchst\u00fccksbuffet, das keine W\u00fcnsche offen l\u00e4sst.<\/div><div class=\"t pg-2m0 pg-2x11 pg-2h6 pg-2y1f pg-2ff7 pg-2fs2 pg-2fc0 pg-2sc0 pg-2ls0 pg-2ws0\">***<\/div><div class=\"t pg-2m0 pg-2x12 pg-2h6 pg-2y20 pg-2ff5 pg-2fs2 pg-2fc0 pg-2sc0 pg-2ls0 pg-2ws0\">Genie\u00dfen Sie Ihren Abend in der K\u00f6lner Altstadt bei K\u00f6lsch und einem Halve Hahn und bald auch mit Cocktails und Weinen in unsere eigenen Hotelbar<\/div><div class=\"t pg-2m0 pg-2x12 pg-2h6 pg-2y20 pg-2ff5 pg-2fs2 pg-2fc0 pg-2sc0 pg-2ls0 pg-2ws0\">(Er\u00f6ffnungsdatum: noch offen)<\/div><div class=\"t pg-2m0 pg-2x11 pg-2h6 pg-2y22 pg-2ff7 pg-2fs2 pg-2fc0 pg-2sc0 pg-2ls0 pg-2ws0\">***<\/div><div class=\"t pg-2m0 pg-2x14 pg-2h6 pg-2y23 pg-2ff5 pg-2fs2 pg-2fc0 pg-2sc0 pg-2ls0 pg-2ws0\">Parkplatznutzung w\u00e4hrend des gesamten Aufenthaltes f\u00fcr das Fahrrad und Ihren PKW <em>(\u20ac 22,00 pro Tag\/PKW-Stellplatz, Reservierung erforderlich)<\/em><\/div><div>***<\/div><div class=\"t pg-2m0 pg-2x16 pg-2h6 pg-2y26 pg-2ff5 pg-2fs2 pg-2fc0 pg-2sc0 pg-2ls0 pg-2ws0\">Kostenfreie WLAN-Nutzung im gesamten Geb\u00e4ude, eine Flasche Wasser pro Person<\/div><div class=\"t pg-2m0 pg-2x11 pg-2h6 pg-2y27 pg-2ff5 pg-2fs2 pg-2fc0 pg-2sc0 pg-2ls0 pg-2ws0\">\u00a0<\/div><div class=\"t pg-2m0 pg-2x17 pg-2h6 pg-2y28 pg-2ff5 pg-2fs2 pg-2fc0 pg-2sc0 pg-2ls0 pg-2ws0\">Preis pro Zimmer: <strong><em>folgt in K\u00fcrze<\/em><\/strong><\/div><div class=\"t pg-2m0 pg-2x19 pg-2h6 pg-2y2a pg-2ff8 pg-2fs3 pg-2fc0 pg-2sc0 pg-2ls9 pg-2ws0\">\u00a0<\/div>\t\t\t\t\t\t\t\t<\/div>\n\t\t\t\t\t<\/div>\n\t\t<\/div>\n\t\t\t\t\t<\/div>\n\t\t<\/section>\n\t\t\t\t<section class=\"elementor-section elementor-top-section elementor-element elementor-element-0a990d1 elementor-section-boxed elementor-section-height-default elementor-section-height-default\" data-id=\"0a990d1\" data-element_type=\"section\" data-e-type=\"section\">\n\t\t\t\t\t\t<div class=\"elementor-container elementor-column-gap-default\">\n\t\t\t\t\t<div class=\"elementor-column elementor-col-50 elementor-top-column elementor-element elementor-element-9a9cbff\" data-id=\"9a9cbff\" data-element_type=\"column\" data-e-type=\"column\">\n\t\t\t<div class=\"elementor-widget-wrap elementor-element-populated\">\n\t\t\t\t\t\t<div class=\"elementor-element elementor-element-e5546bc elementor-widget elementor-widget-text-editor\" data-id=\"e5546bc\" data-element_type=\"widget\" data-e-type=\"widget\" data-widget_type=\"text-editor.default\">\n\t\t\t\t\t\t\t\t\t<h2 style=\"color: #000000; text-align: center;\">ARRANGEMENTS 2: Unsere \u201e<span class=\"pg-3ls0\">Route 66\u201c hei\u00dft \u201e<\/span>Bergisches Land<span class=\"pg-3ls0\">\u201c.<\/span><\/h2>\t\t\t\t\t\t\t\t<\/div>\n\t\t\t\t<div class=\"elementor-element elementor-element-42647a7 elementor-widget elementor-widget-text-editor\" data-id=\"42647a7\" data-element_type=\"widget\" data-e-type=\"widget\" data-widget_type=\"text-editor.default\">\n\t\t\t\t\t\t\t\t\t<div id=\"pf3\" class=\"dp-page-outer\"><div class=\"dp-page-inner\"><div id=\"pg-3pf3\" class=\"pf pg-3w0 pg-3h0\" data-page-no=\"3\"><div class=\"pc pg-3pc3 pg-3w0 pg-3h0\"><h4 class=\"t pg-3m0 pg-3x1d pg-3h6 pg-3y30 pg-3ff6 pg-3fs2 pg-3fc0 pg-3sc0 pg-3ls0 pg-3ws0\">Auf 2 R\u00e4dern unterwegs im <span class=\"pg-3ls7\">Rheinland<\/span> oder auf kurvenreichen Stra\u00dfen durch das \u201eBergische Land\u201c. &#8211; Was will der Biker mehr?<\/h4><\/div><\/div><\/div><div class=\"dp-page-inner\"><div id=\"pg-4pf4\" class=\"pf pg-4w0 pg-4h0\" data-page-no=\"4\"><div class=\"pc pg-4pc4 pg-4w0 pg-4h0\"><div class=\"t pg-4m0 pg-4x7 pg-4h6 pg-4y7 pg-4ff5 pg-4fs2 pg-4fc0 pg-4sc0 pg-4ls0 pg-4ws0\">Parkplatznutzung w\u00e4hrend des gesamten Aufenthaltes (Reservierung erforderlich)<\/div><div class=\"t pg-4m0 pg-4x6 pg-4h7 pg-4ya pg-4ff6 pg-4fs2 pg-4fc2 pg-4sc0 pg-4ls0 pg-4ws0\">\u00a0<\/div><div class=\"t pg-4m0 pg-4xa pg-4h6 pg-4yb pg-4ff5 pg-4fs2 pg-4fc2 pg-4sc0 pg-4ls8 pg-4ws0\">\u2022 2<span class=\"pg-4ls0\"> x \u00dcbernachtung in einem unserer Zimmer mit Rheinblick oder zur ruhigeren R\u00fcckseite des Hotels. <\/span><\/div><div class=\"t pg-4m0 pg-4xb pg-4h6 pg-4yc pg-4ff5 pg-4fs2 pg-4fc2 pg-4sc0 pg-4ls0 pg-4ws0\">\u2022 reichhaltiges <span class=\"pg-4ls7\">Fr<\/span>\u00fchst\u00fcck vom Buffet<\/div><div class=\"t pg-4m0 pg-4x3 pg-4h6 pg-4yd pg-4ff5 pg-4fs2 pg-4fc2 pg-4sc0 pg-4ls0 pg-4ws0\">\u2022 1 x Flasche Mineralwasser pro Person auf Ihrem Zimmer<\/div><div class=\"t pg-4m0 pg-4x9 pg-4h6 pg-4ye pg-4ff5 pg-4fs2 pg-4fc2 pg-4sc0 pg-4ls0 pg-4ws0\">\u00a0<\/div><div class=\"t pg-4m0 pg-4xc pg-4h6 pg-4yf pg-4ff5 pg-4fs2 pg-4fc2 pg-4sc0 pg-4ls0 pg-4ws0\">Eine Verl\u00e4ngerung Ihres Aufenthaltes (mit Aufpreis verbunden) ist je nach Verf\u00fcgbarkeit m\u00f6glich.<\/div><div>\u00a0<\/div><\/div><\/div><\/div><div>Preis pro Zimmer:<strong><em> folgt in K\u00fcrze<\/em><\/strong><\/div><\/div>\t\t\t\t\t\t\t\t<\/div>\n\t\t\t\t\t<\/div>\n\t\t<\/div>\n\t\t\t\t<div class=\"elementor-column elementor-col-50 elementor-top-column elementor-element elementor-element-fbfd7f8 animated-slow elementor-invisible\" data-id=\"fbfd7f8\" data-element_type=\"column\" data-e-type=\"column\" data-settings=\"{&quot;animation&quot;:&quot;fadeInRight&quot;}\">\n\t\t\t<div class=\"elementor-widget-wrap elementor-element-populated\">\n\t\t\t\t\t\t<div class=\"elementor-element elementor-element-9b0f8ad elementor-widget elementor-widget-image\" data-id=\"9b0f8ad\" data-element_type=\"widget\" data-e-type=\"widget\" data-widget_type=\"image.default\">\n\t\t\t\t\t\t\t\t\t\t\t\t\t\t\t<img decoding=\"async\" width=\"1920\" height=\"1275\" src=\"https:\/\/hotel-allegro.com\/wp-content\/uploads\/2023\/04\/DSC6463.jpg\" class=\"attachment-full size-full wp-image-1665\" alt=\"\" \/>\t\t\t\t\t\t\t\t\t\t\t\t\t\t\t<\/div>\n\t\t\t\t\t<\/div>\n\t\t<\/div>\n\t\t\t\t\t<\/div>\n\t\t<\/section>\n\t\t\t\t<\/div>","protected":false},"excerpt":{"rendered":"<p>Ausgew\u00e4hlte Arrangements Unsere Arrangements sind Angebote, die Ihnen einen ganz besonderen Aufenthalt in K\u00f6ln und in unserem Hotel bieten. Arrangement 1: Zu zweit auf dem Fahrrad durch K\u00f6ln &#8222;Entdecken Sie die Freiheit auf R\u00e4dern und erleben Sie dieses unvergessliche Abenteuer zu zweit!&#8220; Mit unserem Angebot k\u00f6nnen Sie K\u00f6ln einmal anders erkundigen und historische Momente auf [&hellip;]<\/p>\n","protected":false},"author":6,"featured_media":0,"parent":0,"menu_order":0,"comment_status":"closed","ping_status":"closed","template":"elementor_header_footer","meta":{"footnotes":""},"class_list":["post-1944","page","type-page","status-publish","hentry"],"yoast_head":"<!-- This site is optimized with the Yoast SEO plugin v27.3 - https:\/\/yoast.com\/product\/yoast-seo-wordpress\/ -->\n<title>Arrangements - Hotel Allegro<\/title>\n<meta name=\"description\" content=\"Wir bieten f\u00fcr Sie eine kleine Auswahl an verschiedenen Arrangements je nach Saison und Verf\u00fcgbarkeit an. Erleben Sie die Stadt mal anders.\" \/>\n<meta name=\"robots\" content=\"index, follow, max-snippet:-1, max-image-preview:large, max-video-preview:-1\" \/>\n<link rel=\"canonical\" href=\"https:\/\/hotel-allegro.com\/en\/arrangements\/\" \/>\n<meta property=\"og:locale\" content=\"en_GB\" \/>\n<meta property=\"og:type\" content=\"article\" \/>\n<meta property=\"og:title\" content=\"Arrangements - Hotel Allegro\" \/>\n<meta property=\"og:description\" content=\"Wir bieten f\u00fcr Sie eine kleine Auswahl an verschiedenen Arrangements je nach Saison und Verf\u00fcgbarkeit an. Erleben Sie die Stadt mal anders.\" \/>\n<meta property=\"og:url\" content=\"https:\/\/hotel-allegro.com\/en\/arrangements\/\" \/>\n<meta property=\"og:site_name\" content=\"Hotel Allegro\" \/>\n<meta property=\"article:modified_time\" content=\"2024-09-30T11:59:46+00:00\" \/>\n<meta property=\"og:image\" content=\"https:\/\/hotel-allegro.com\/wp-content\/uploads\/2023\/04\/logo_allegro_weiss2.png\" \/>\n<meta name=\"twitter:card\" content=\"summary_large_image\" \/>\n<meta name=\"twitter:label1\" content=\"Estimated reading time\" \/>\n\t<meta name=\"twitter:data1\" content=\"3 minutes\" \/>\n<script type=\"application\/ld+json\" class=\"yoast-schema-graph\">{\"@context\":\"https:\\\/\\\/schema.org\",\"@graph\":[{\"@type\":\"WebPage\",\"@id\":\"https:\\\/\\\/hotel-allegro.com\\\/arrangements\\\/\",\"url\":\"https:\\\/\\\/hotel-allegro.com\\\/arrangements\\\/\",\"name\":\"Arrangements - Hotel Allegro\",\"isPartOf\":{\"@id\":\"https:\\\/\\\/hotel-allegro.com\\\/#website\"},\"primaryImageOfPage\":{\"@id\":\"https:\\\/\\\/hotel-allegro.com\\\/arrangements\\\/#primaryimage\"},\"image\":{\"@id\":\"https:\\\/\\\/hotel-allegro.com\\\/arrangements\\\/#primaryimage\"},\"thumbnailUrl\":\"https:\\\/\\\/hotel-allegro.com\\\/wp-content\\\/uploads\\\/2023\\\/04\\\/logo_allegro_weiss2.png\",\"datePublished\":\"2023-04-17T16:05:16+00:00\",\"dateModified\":\"2024-09-30T11:59:46+00:00\",\"description\":\"Wir bieten f\u00fcr Sie eine kleine Auswahl an verschiedenen Arrangements je nach Saison und Verf\u00fcgbarkeit an. Erleben Sie die Stadt mal anders.\",\"breadcrumb\":{\"@id\":\"https:\\\/\\\/hotel-allegro.com\\\/arrangements\\\/#breadcrumb\"},\"inLanguage\":\"en-GB\",\"potentialAction\":[{\"@type\":\"ReadAction\",\"target\":[\"https:\\\/\\\/hotel-allegro.com\\\/arrangements\\\/\"]}]},{\"@type\":\"ImageObject\",\"inLanguage\":\"en-GB\",\"@id\":\"https:\\\/\\\/hotel-allegro.com\\\/arrangements\\\/#primaryimage\",\"url\":\"https:\\\/\\\/hotel-allegro.com\\\/wp-content\\\/uploads\\\/2023\\\/04\\\/logo_allegro_weiss2.png\",\"contentUrl\":\"https:\\\/\\\/hotel-allegro.com\\\/wp-content\\\/uploads\\\/2023\\\/04\\\/logo_allegro_weiss2.png\"},{\"@type\":\"BreadcrumbList\",\"@id\":\"https:\\\/\\\/hotel-allegro.com\\\/arrangements\\\/#breadcrumb\",\"itemListElement\":[{\"@type\":\"ListItem\",\"position\":1,\"name\":\"Startseite\",\"item\":\"https:\\\/\\\/hotel-allegro.com\\\/\"},{\"@type\":\"ListItem\",\"position\":2,\"name\":\"Arrangements\"}]},{\"@type\":\"WebSite\",\"@id\":\"https:\\\/\\\/hotel-allegro.com\\\/#website\",\"url\":\"https:\\\/\\\/hotel-allegro.com\\\/\",\"name\":\"Hotel Allegro\",\"description\":\"4-Sterne-HOTEL ALLEGRO in K\u00f6ln\",\"publisher\":{\"@id\":\"https:\\\/\\\/hotel-allegro.com\\\/#organization\"},\"potentialAction\":[{\"@type\":\"SearchAction\",\"target\":{\"@type\":\"EntryPoint\",\"urlTemplate\":\"https:\\\/\\\/hotel-allegro.com\\\/?s={search_term_string}\"},\"query-input\":{\"@type\":\"PropertyValueSpecification\",\"valueRequired\":true,\"valueName\":\"search_term_string\"}}],\"inLanguage\":\"en-GB\"},{\"@type\":\"Organization\",\"@id\":\"https:\\\/\\\/hotel-allegro.com\\\/#organization\",\"name\":\"Hotel Allegro\",\"url\":\"https:\\\/\\\/hotel-allegro.com\\\/\",\"logo\":{\"@type\":\"ImageObject\",\"inLanguage\":\"en-GB\",\"@id\":\"https:\\\/\\\/hotel-allegro.com\\\/#\\\/schema\\\/logo\\\/image\\\/\",\"url\":\"https:\\\/\\\/hotel-allegro.com\\\/wp-content\\\/uploads\\\/2020\\\/10\\\/logo_allegro_weiss1.png\",\"contentUrl\":\"https:\\\/\\\/hotel-allegro.com\\\/wp-content\\\/uploads\\\/2020\\\/10\\\/logo_allegro_weiss1.png\",\"width\":449,\"height\":118,\"caption\":\"Hotel Allegro\"},\"image\":{\"@id\":\"https:\\\/\\\/hotel-allegro.com\\\/#\\\/schema\\\/logo\\\/image\\\/\"}}]}<\/script>\n<!-- \/ Yoast SEO plugin. -->","yoast_head_json":{"title":"Arrangements - Hotel Allegro","description":"Wir bieten f\u00fcr Sie eine kleine Auswahl an verschiedenen Arrangements je nach Saison und Verf\u00fcgbarkeit an. Erleben Sie die Stadt mal anders.","robots":{"index":"index","follow":"follow","max-snippet":"max-snippet:-1","max-image-preview":"max-image-preview:large","max-video-preview":"max-video-preview:-1"},"canonical":"https:\/\/hotel-allegro.com\/en\/arrangements\/","og_locale":"en_GB","og_type":"article","og_title":"Arrangements - Hotel Allegro","og_description":"Wir bieten f\u00fcr Sie eine kleine Auswahl an verschiedenen Arrangements je nach Saison und Verf\u00fcgbarkeit an. Erleben Sie die Stadt mal anders.","og_url":"https:\/\/hotel-allegro.com\/en\/arrangements\/","og_site_name":"Hotel Allegro","article_modified_time":"2024-09-30T11:59:46+00:00","og_image":[{"url":"https:\/\/hotel-allegro.com\/wp-content\/uploads\/2023\/04\/logo_allegro_weiss2.png","type":"","width":"","height":""}],"twitter_card":"summary_large_image","twitter_misc":{"Estimated reading time":"3 minutes"},"schema":{"@context":"https:\/\/schema.org","@graph":[{"@type":"WebPage","@id":"https:\/\/hotel-allegro.com\/arrangements\/","url":"https:\/\/hotel-allegro.com\/arrangements\/","name":"Arrangements - Hotel Allegro","isPartOf":{"@id":"https:\/\/hotel-allegro.com\/#website"},"primaryImageOfPage":{"@id":"https:\/\/hotel-allegro.com\/arrangements\/#primaryimage"},"image":{"@id":"https:\/\/hotel-allegro.com\/arrangements\/#primaryimage"},"thumbnailUrl":"https:\/\/hotel-allegro.com\/wp-content\/uploads\/2023\/04\/logo_allegro_weiss2.png","datePublished":"2023-04-17T16:05:16+00:00","dateModified":"2024-09-30T11:59:46+00:00","description":"Wir bieten f\u00fcr Sie eine kleine Auswahl an verschiedenen Arrangements je nach Saison und Verf\u00fcgbarkeit an. Erleben Sie die Stadt mal anders.","breadcrumb":{"@id":"https:\/\/hotel-allegro.com\/arrangements\/#breadcrumb"},"inLanguage":"en-GB","potentialAction":[{"@type":"ReadAction","target":["https:\/\/hotel-allegro.com\/arrangements\/"]}]},{"@type":"ImageObject","inLanguage":"en-GB","@id":"https:\/\/hotel-allegro.com\/arrangements\/#primaryimage","url":"https:\/\/hotel-allegro.com\/wp-content\/uploads\/2023\/04\/logo_allegro_weiss2.png","contentUrl":"https:\/\/hotel-allegro.com\/wp-content\/uploads\/2023\/04\/logo_allegro_weiss2.png"},{"@type":"BreadcrumbList","@id":"https:\/\/hotel-allegro.com\/arrangements\/#breadcrumb","itemListElement":[{"@type":"ListItem","position":1,"name":"Startseite","item":"https:\/\/hotel-allegro.com\/"},{"@type":"ListItem","position":2,"name":"Arrangements"}]},{"@type":"WebSite","@id":"https:\/\/hotel-allegro.com\/#website","url":"https:\/\/hotel-allegro.com\/","name":"Hotel Allegro","description":"4-Sterne-HOTEL ALLEGRO in K\u00f6ln","publisher":{"@id":"https:\/\/hotel-allegro.com\/#organization"},"potentialAction":[{"@type":"SearchAction","target":{"@type":"EntryPoint","urlTemplate":"https:\/\/hotel-allegro.com\/?s={search_term_string}"},"query-input":{"@type":"PropertyValueSpecification","valueRequired":true,"valueName":"search_term_string"}}],"inLanguage":"en-GB"},{"@type":"Organization","@id":"https:\/\/hotel-allegro.com\/#organization","name":"Hotel Allegro","url":"https:\/\/hotel-allegro.com\/","logo":{"@type":"ImageObject","inLanguage":"en-GB","@id":"https:\/\/hotel-allegro.com\/#\/schema\/logo\/image\/","url":"https:\/\/hotel-allegro.com\/wp-content\/uploads\/2020\/10\/logo_allegro_weiss1.png","contentUrl":"https:\/\/hotel-allegro.com\/wp-content\/uploads\/2020\/10\/logo_allegro_weiss1.png","width":449,"height":118,"caption":"Hotel Allegro"},"image":{"@id":"https:\/\/hotel-allegro.com\/#\/schema\/logo\/image\/"}}]}},"_links":{"self":[{"href":"https:\/\/hotel-allegro.com\/en\/wp-json\/wp\/v2\/pages\/1944","targetHints":{"allow":["GET"]}}],"collection":[{"href":"https:\/\/hotel-allegro.com\/en\/wp-json\/wp\/v2\/pages"}],"about":[{"href":"https:\/\/hotel-allegro.com\/en\/wp-json\/wp\/v2\/types\/page"}],"author":[{"embeddable":true,"href":"https:\/\/hotel-allegro.com\/en\/wp-json\/wp\/v2\/users\/6"}],"replies":[{"embeddable":true,"href":"https:\/\/hotel-allegro.com\/en\/wp-json\/wp\/v2\/comments?post=1944"}],"version-history":[{"count":83,"href":"https:\/\/hotel-allegro.com\/en\/wp-json\/wp\/v2\/pages\/1944\/revisions"}],"predecessor-version":[{"id":3134,"href":"https:\/\/hotel-allegro.com\/en\/wp-json\/wp\/v2\/pages\/1944\/revisions\/3134"}],"wp:attachment":[{"href":"https:\/\/hotel-allegro.com\/en\/wp-json\/wp\/v2\/media?parent=1944"}],"curies":[{"name":"wp","href":"https:\/\/api.w.org\/{rel}","templated":true}]}}