{"id":1985,"date":"2023-04-17T18:49:52","date_gmt":"2023-04-17T16:49:52","guid":{"rendered":"https:\/\/hotel-allegro.com\/?page_id=1985"},"modified":"2023-07-12T12:57:40","modified_gmt":"2023-07-12T10:57:40","slug":"jobs","status":"publish","type":"page","link":"https:\/\/hotel-allegro.com\/en\/jobs\/","title":{"rendered":"Jobs"},"content":{"rendered":"<div data-elementor-type=\"wp-page\" data-elementor-id=\"1985\" class=\"elementor elementor-1985\" data-elementor-post-type=\"page\">\n\t\t\t\t\t\t<section class=\"elementor-section elementor-top-section elementor-element elementor-element-50c33421 elementor-section-content-middle elementor-section-height-min-height elementor-section-boxed elementor-section-height-default elementor-section-items-middle\" data-id=\"50c33421\" data-element_type=\"section\" data-e-type=\"section\" data-settings=\"{&quot;background_background&quot;:&quot;classic&quot;}\">\n\t\t\t\t\t\t\t<div class=\"elementor-background-overlay\"><\/div>\n\t\t\t\t\t\t\t<div class=\"elementor-container elementor-column-gap-wider\">\n\t\t\t\t\t<div class=\"elementor-column elementor-col-100 elementor-top-column elementor-element elementor-element-44d1687\" data-id=\"44d1687\" data-element_type=\"column\" data-e-type=\"column\">\n\t\t\t<div class=\"elementor-widget-wrap\">\n\t\t\t\t\t\t\t<\/div>\n\t\t<\/div>\n\t\t\t\t\t<\/div>\n\t\t<\/section>\n\t\t\t\t<section class=\"elementor-section elementor-top-section elementor-element elementor-element-1076ea60 elementor-section-content-middle elementor-section-boxed elementor-section-height-default elementor-section-height-default\" data-id=\"1076ea60\" data-element_type=\"section\" data-e-type=\"section\">\n\t\t\t\t\t\t<div class=\"elementor-container elementor-column-gap-no\">\n\t\t\t\t\t<div class=\"elementor-column elementor-col-100 elementor-top-column elementor-element elementor-element-3e7b3ab2\" data-id=\"3e7b3ab2\" data-element_type=\"column\" data-e-type=\"column\">\n\t\t\t<div class=\"elementor-widget-wrap elementor-element-populated\">\n\t\t\t\t\t\t<div class=\"elementor-element elementor-element-438f40ec elementor-widget elementor-widget-text-editor\" data-id=\"438f40ec\" data-element_type=\"widget\" data-e-type=\"widget\" data-widget_type=\"text-editor.default\">\n\t\t\t\t\t\t\t\t\t<h1>Team player wanted<\/h1>\t\t\t\t\t\t\t\t<\/div>\n\t\t\t\t<div class=\"elementor-element elementor-element-19263a88 elementor-widget elementor-widget-text-editor\" data-id=\"19263a88\" data-element_type=\"widget\" data-e-type=\"widget\" data-widget_type=\"text-editor.default\">\n\t\t\t\t\t\t\t\t\t<p class=\"p1\">If you would also like to be part of our team, we look forward to receiving your application.<\/p>\t\t\t\t\t\t\t\t<\/div>\n\t\t\t\t<div class=\"elementor-element elementor-element-d27ce8f elementor-widget elementor-widget-text-editor\" data-id=\"d27ce8f\" data-element_type=\"widget\" data-e-type=\"widget\" data-widget_type=\"text-editor.default\">\n\t\t\t\t\t\t\t\t\t<h2 class=\"p1\">We are looking for the next possible date:<\/h2>\t\t\t\t\t\t\t\t<\/div>\n\t\t\t\t\t<\/div>\n\t\t<\/div>\n\t\t\t\t\t<\/div>\n\t\t<\/section>\n\t\t\t\t<\/div>","protected":false},"excerpt":{"rendered":"<p>Teamplayer gesucht Wenn auch Sie zu unserem Team geh\u00f6ren m\u00f6chten, freuen wir uns \u00fcber Ihre Bewerbung. Zum n\u00e4chstm\u00f6glichen Termin suchen wir:<\/p>","protected":false},"author":2,"featured_media":0,"parent":0,"menu_order":0,"comment_status":"closed","ping_status":"closed","template":"elementor_header_footer","meta":{"footnotes":""},"class_list":["post-1985","page","type-page","status-publish","hentry"],"yoast_head":"<!-- This site is optimized with the Yoast SEO plugin v27.4 - https:\/\/yoast.com\/product\/yoast-seo-wordpress\/ -->\n<title>Jobs - Hotel Allegro<\/title>\n<meta name=\"robots\" content=\"index, follow, max-snippet:-1, max-image-preview:large, max-video-preview:-1\" \/>\n<link rel=\"canonical\" href=\"https:\/\/hotel-allegro.com\/en\/jobs\/\" \/>\n<meta property=\"og:locale\" content=\"en_GB\" \/>\n<meta property=\"og:type\" content=\"article\" \/>\n<meta property=\"og:title\" content=\"Jobs - Hotel Allegro\" \/>\n<meta property=\"og:description\" content=\"Teamplayer gesucht Wenn auch Sie zu unserem Team geh\u00f6ren m\u00f6chten, freuen wir uns \u00fcber Ihre Bewerbung. Zum n\u00e4chstm\u00f6glichen Termin suchen wir:\" \/>\n<meta property=\"og:url\" content=\"https:\/\/hotel-allegro.com\/en\/jobs\/\" \/>\n<meta property=\"og:site_name\" content=\"Hotel Allegro\" \/>\n<meta property=\"article:modified_time\" content=\"2023-07-12T10:57:40+00:00\" \/>\n<meta name=\"twitter:card\" content=\"summary_large_image\" \/>\n<meta name=\"twitter:label1\" content=\"Estimated reading time\" \/>\n\t<meta name=\"twitter:data1\" content=\"1 minute\" \/>\n<script type=\"application\/ld+json\" class=\"yoast-schema-graph\">{\"@context\":\"https:\\\/\\\/schema.org\",\"@graph\":[{\"@type\":\"WebPage\",\"@id\":\"https:\\\/\\\/hotel-allegro.com\\\/jobs\\\/\",\"url\":\"https:\\\/\\\/hotel-allegro.com\\\/jobs\\\/\",\"name\":\"Jobs - Hotel Allegro\",\"isPartOf\":{\"@id\":\"https:\\\/\\\/hotel-allegro.com\\\/#website\"},\"datePublished\":\"2023-04-17T16:49:52+00:00\",\"dateModified\":\"2023-07-12T10:57:40+00:00\",\"breadcrumb\":{\"@id\":\"https:\\\/\\\/hotel-allegro.com\\\/jobs\\\/#breadcrumb\"},\"inLanguage\":\"en-GB\",\"potentialAction\":[{\"@type\":\"ReadAction\",\"target\":[\"https:\\\/\\\/hotel-allegro.com\\\/jobs\\\/\"]}]},{\"@type\":\"BreadcrumbList\",\"@id\":\"https:\\\/\\\/hotel-allegro.com\\\/jobs\\\/#breadcrumb\",\"itemListElement\":[{\"@type\":\"ListItem\",\"position\":1,\"name\":\"Startseite\",\"item\":\"https:\\\/\\\/hotel-allegro.com\\\/\"},{\"@type\":\"ListItem\",\"position\":2,\"name\":\"Jobs\"}]},{\"@type\":\"WebSite\",\"@id\":\"https:\\\/\\\/hotel-allegro.com\\\/#website\",\"url\":\"https:\\\/\\\/hotel-allegro.com\\\/\",\"name\":\"Hotel Allegro\",\"description\":\"4-Sterne-HOTEL ALLEGRO in K\u00f6ln\",\"publisher\":{\"@id\":\"https:\\\/\\\/hotel-allegro.com\\\/#organization\"},\"potentialAction\":[{\"@type\":\"SearchAction\",\"target\":{\"@type\":\"EntryPoint\",\"urlTemplate\":\"https:\\\/\\\/hotel-allegro.com\\\/?s={search_term_string}\"},\"query-input\":{\"@type\":\"PropertyValueSpecification\",\"valueRequired\":true,\"valueName\":\"search_term_string\"}}],\"inLanguage\":\"en-GB\"},{\"@type\":\"Organization\",\"@id\":\"https:\\\/\\\/hotel-allegro.com\\\/#organization\",\"name\":\"Hotel Allegro\",\"url\":\"https:\\\/\\\/hotel-allegro.com\\\/\",\"logo\":{\"@type\":\"ImageObject\",\"inLanguage\":\"en-GB\",\"@id\":\"https:\\\/\\\/hotel-allegro.com\\\/#\\\/schema\\\/logo\\\/image\\\/\",\"url\":\"https:\\\/\\\/hotel-allegro.com\\\/wp-content\\\/uploads\\\/2020\\\/10\\\/logo_allegro_weiss1.png\",\"contentUrl\":\"https:\\\/\\\/hotel-allegro.com\\\/wp-content\\\/uploads\\\/2020\\\/10\\\/logo_allegro_weiss1.png\",\"width\":449,\"height\":118,\"caption\":\"Hotel Allegro\"},\"image\":{\"@id\":\"https:\\\/\\\/hotel-allegro.com\\\/#\\\/schema\\\/logo\\\/image\\\/\"}}]}<\/script>\n<!-- \/ Yoast SEO plugin. -->","yoast_head_json":{"title":"Jobs - Hotel Allegro","robots":{"index":"index","follow":"follow","max-snippet":"max-snippet:-1","max-image-preview":"max-image-preview:large","max-video-preview":"max-video-preview:-1"},"canonical":"https:\/\/hotel-allegro.com\/en\/jobs\/","og_locale":"en_GB","og_type":"article","og_title":"Jobs - Hotel Allegro","og_description":"Teamplayer gesucht Wenn auch Sie zu unserem Team geh\u00f6ren m\u00f6chten, freuen wir uns \u00fcber Ihre Bewerbung. Zum n\u00e4chstm\u00f6glichen Termin suchen wir:","og_url":"https:\/\/hotel-allegro.com\/en\/jobs\/","og_site_name":"Hotel Allegro","article_modified_time":"2023-07-12T10:57:40+00:00","twitter_card":"summary_large_image","twitter_misc":{"Estimated reading time":"1 minute"},"schema":{"@context":"https:\/\/schema.org","@graph":[{"@type":"WebPage","@id":"https:\/\/hotel-allegro.com\/jobs\/","url":"https:\/\/hotel-allegro.com\/jobs\/","name":"Jobs - Hotel Allegro","isPartOf":{"@id":"https:\/\/hotel-allegro.com\/#website"},"datePublished":"2023-04-17T16:49:52+00:00","dateModified":"2023-07-12T10:57:40+00:00","breadcrumb":{"@id":"https:\/\/hotel-allegro.com\/jobs\/#breadcrumb"},"inLanguage":"en-GB","potentialAction":[{"@type":"ReadAction","target":["https:\/\/hotel-allegro.com\/jobs\/"]}]},{"@type":"BreadcrumbList","@id":"https:\/\/hotel-allegro.com\/jobs\/#breadcrumb","itemListElement":[{"@type":"ListItem","position":1,"name":"Startseite","item":"https:\/\/hotel-allegro.com\/"},{"@type":"ListItem","position":2,"name":"Jobs"}]},{"@type":"WebSite","@id":"https:\/\/hotel-allegro.com\/#website","url":"https:\/\/hotel-allegro.com\/","name":"Hotel Allegro","description":"4-Sterne-HOTEL ALLEGRO in K\u00f6ln","publisher":{"@id":"https:\/\/hotel-allegro.com\/#organization"},"potentialAction":[{"@type":"SearchAction","target":{"@type":"EntryPoint","urlTemplate":"https:\/\/hotel-allegro.com\/?s={search_term_string}"},"query-input":{"@type":"PropertyValueSpecification","valueRequired":true,"valueName":"search_term_string"}}],"inLanguage":"en-GB"},{"@type":"Organization","@id":"https:\/\/hotel-allegro.com\/#organization","name":"Hotel Allegro","url":"https:\/\/hotel-allegro.com\/","logo":{"@type":"ImageObject","inLanguage":"en-GB","@id":"https:\/\/hotel-allegro.com\/#\/schema\/logo\/image\/","url":"https:\/\/hotel-allegro.com\/wp-content\/uploads\/2020\/10\/logo_allegro_weiss1.png","contentUrl":"https:\/\/hotel-allegro.com\/wp-content\/uploads\/2020\/10\/logo_allegro_weiss1.png","width":449,"height":118,"caption":"Hotel Allegro"},"image":{"@id":"https:\/\/hotel-allegro.com\/#\/schema\/logo\/image\/"}}]}},"_links":{"self":[{"href":"https:\/\/hotel-allegro.com\/en\/wp-json\/wp\/v2\/pages\/1985","targetHints":{"allow":["GET"]}}],"collection":[{"href":"https:\/\/hotel-allegro.com\/en\/wp-json\/wp\/v2\/pages"}],"about":[{"href":"https:\/\/hotel-allegro.com\/en\/wp-json\/wp\/v2\/types\/page"}],"author":[{"embeddable":true,"href":"https:\/\/hotel-allegro.com\/en\/wp-json\/wp\/v2\/users\/2"}],"replies":[{"embeddable":true,"href":"https:\/\/hotel-allegro.com\/en\/wp-json\/wp\/v2\/comments?post=1985"}],"version-history":[{"count":13,"href":"https:\/\/hotel-allegro.com\/en\/wp-json\/wp\/v2\/pages\/1985\/revisions"}],"predecessor-version":[{"id":2485,"href":"https:\/\/hotel-allegro.com\/en\/wp-json\/wp\/v2\/pages\/1985\/revisions\/2485"}],"wp:attachment":[{"href":"https:\/\/hotel-allegro.com\/en\/wp-json\/wp\/v2\/media?parent=1985"}],"curies":[{"name":"wp","href":"https:\/\/api.w.org\/{rel}","templated":true}]}}