{"id":509,"date":"2020-10-12T14:47:34","date_gmt":"2020-10-12T12:47:34","guid":{"rendered":"https:\/\/hotel-allegro.com\/?page_id=509"},"modified":"2024-06-21T13:17:22","modified_gmt":"2024-06-21T11:17:22","slug":"impressum","status":"publish","type":"page","link":"https:\/\/hotel-allegro.com\/en\/impressum\/","title":{"rendered":"Imprint"},"content":{"rendered":"<div data-elementor-type=\"wp-page\" data-elementor-id=\"509\" class=\"elementor elementor-509\" data-elementor-post-type=\"page\">\n\t\t\t\t\t\t<section class=\"elementor-section elementor-top-section elementor-element elementor-element-ea8a8c6 elementor-section-full_width elementor-section-height-default elementor-section-height-default\" data-id=\"ea8a8c6\" data-element_type=\"section\" data-e-type=\"section\">\n\t\t\t\t\t\t<div class=\"elementor-container elementor-column-gap-default\">\n\t\t\t\t\t<div class=\"elementor-column elementor-col-100 elementor-top-column elementor-element elementor-element-3d3df4d\" data-id=\"3d3df4d\" data-element_type=\"column\" data-e-type=\"column\">\n\t\t\t<div class=\"elementor-widget-wrap elementor-element-populated\">\n\t\t\t\t\t\t<div class=\"elementor-element elementor-element-e907f67 elementor-widget elementor-widget-image\" data-id=\"e907f67\" data-element_type=\"widget\" data-e-type=\"widget\" data-widget_type=\"image.default\">\n\t\t\t\t\t\t\t\t\t\t\t\t\t\t\t<img decoding=\"async\" src=\"https:\/\/hotel-allegro.com\/wp-content\/uploads\/2020\/10\/hg-impressum.jpg\" title=\"\" alt=\"\" loading=\"lazy\" \/>\t\t\t\t\t\t\t\t\t\t\t\t\t\t\t<\/div>\n\t\t\t\t\t<\/div>\n\t\t<\/div>\n\t\t\t\t\t<\/div>\n\t\t<\/section>\n\t\t\t\t<section class=\"elementor-section elementor-top-section elementor-element elementor-element-54985923 elementor-section-height-min-height elementor-section-boxed elementor-section-height-default elementor-section-items-middle\" data-id=\"54985923\" data-element_type=\"section\" data-e-type=\"section\">\n\t\t\t\t\t\t\t<div class=\"elementor-background-overlay\"><\/div>\n\t\t\t\t\t\t\t<div class=\"elementor-container elementor-column-gap-default\">\n\t\t\t\t\t<div class=\"elementor-column elementor-col-100 elementor-top-column elementor-element elementor-element-3a703e57 animated-slow elementor-invisible\" data-id=\"3a703e57\" data-element_type=\"column\" data-e-type=\"column\" data-settings=\"{&quot;animation&quot;:&quot;slideInDown&quot;}\">\n\t\t\t<div class=\"elementor-widget-wrap\">\n\t\t\t\t\t\t\t<\/div>\n\t\t<\/div>\n\t\t\t\t\t<\/div>\n\t\t<\/section>\n\t\t\t\t<section class=\"elementor-section elementor-top-section elementor-element elementor-element-21d0fc4 elementor-section-boxed elementor-section-height-default elementor-section-height-default\" data-id=\"21d0fc4\" data-element_type=\"section\" data-e-type=\"section\">\n\t\t\t\t\t\t<div class=\"elementor-container elementor-column-gap-default\">\n\t\t\t\t\t<div class=\"elementor-column elementor-col-100 elementor-top-column elementor-element elementor-element-97e6a33\" data-id=\"97e6a33\" data-element_type=\"column\" data-e-type=\"column\">\n\t\t\t<div class=\"elementor-widget-wrap elementor-element-populated\">\n\t\t\t\t\t\t<div class=\"elementor-element elementor-element-6eada1b elementor-widget elementor-widget-text-editor\" data-id=\"6eada1b\" data-element_type=\"widget\" data-e-type=\"widget\" data-widget_type=\"text-editor.default\">\n\t\t\t\t\t\t\t\t\t<h1>Imprint<\/h1>\t\t\t\t\t\t\t\t<\/div>\n\t\t\t\t\t<\/div>\n\t\t<\/div>\n\t\t\t\t\t<\/div>\n\t\t<\/section>\n\t\t\t\t<section class=\"elementor-section elementor-top-section elementor-element elementor-element-a88b461 elementor-section-boxed elementor-section-height-default elementor-section-height-default\" data-id=\"a88b461\" data-element_type=\"section\" data-e-type=\"section\">\n\t\t\t\t\t\t<div class=\"elementor-container elementor-column-gap-default\">\n\t\t\t\t\t<div class=\"elementor-column elementor-col-100 elementor-top-column elementor-element elementor-element-9ca8301\" data-id=\"9ca8301\" data-element_type=\"column\" data-e-type=\"column\">\n\t\t\t<div class=\"elementor-widget-wrap elementor-element-populated\">\n\t\t\t\t\t\t<div class=\"elementor-element elementor-element-ba1a271 elementor-widget elementor-widget-text-editor\" data-id=\"ba1a271\" data-element_type=\"widget\" data-e-type=\"widget\" data-widget_type=\"text-editor.default\">\n\t\t\t\t\t\t\t\t\t<section class=\"elementor-section elementor-top-section elementor-element elementor-element-21d0fc4 elementor-section-boxed elementor-section-height-default elementor-section-height-default\" data-id=\"21d0fc4\" data-element_type=\"section\"><div class=\"elementor-container elementor-column-gap-default\"><div class=\"elementor-row\"><div class=\"elementor-column elementor-col-100 elementor-top-column elementor-element elementor-element-97e6a33\" data-id=\"97e6a33\" data-element_type=\"column\"><div class=\"elementor-column-wrap elementor-element-populated\"><div class=\"elementor-widget-wrap\"><div class=\"elementor-element elementor-element-6eada1b elementor-widget elementor-widget-text-editor\" data-id=\"6eada1b\" data-element_type=\"widget\" data-widget_type=\"text-editor.default\"><div class=\"elementor-widget-container\"><h2>Information according to \u00a7 5 TMG<\/h2><\/div><\/div><\/div><\/div><\/div><\/div><\/div><\/section><section class=\"elementor-section elementor-top-section elementor-element elementor-element-a88b461 elementor-section-boxed elementor-section-height-default elementor-section-height-default\" data-id=\"a88b461\" data-element_type=\"section\"><div class=\"elementor-container elementor-column-gap-default\"><div class=\"elementor-row\"><div class=\"elementor-column elementor-col-100 elementor-top-column elementor-element elementor-element-9ca8301\" data-id=\"9ca8301\" data-element_type=\"column\"><div class=\"elementor-column-wrap elementor-element-populated\"><div class=\"elementor-widget-wrap\"><div class=\"elementor-element elementor-element-ba1a271 elementor-widget elementor-widget-text-editor\" data-id=\"ba1a271\" data-element_type=\"widget\" data-widget_type=\"text-editor.default\"><div class=\"elementor-widget-container\"><div class=\"elementor-text-editor elementor-clearfix\"><p>Hotel An der Philharmonie GmbH<br \/>Paul Humburg Stra\u00dfe 21<br \/>50737 K\u00f6ln<\/p><p>Handelsregister: 17728<br \/>Register Court: Cologne Local Court<\/p><h2>VAT ID<\/h2><p>Sales tax identification number pursuant to \u00a7 27 a of the German Sales Tax Act:<br \/>DE122799473<\/p><h2>Editorially responsible<\/h2><p>Hotel An der Philharmonie GmbH<\/p><h2>EU-Streitschlichtung<\/h2><p>Die Europ\u00e4ische Kommission stellt eine Plattform zur Online-Streitschlichtung (OS) bereit\u00a0<a href=\"https:\/\/ec.europa.eu\/consumers\/odr\/\" target=\"_blank\" rel=\"noopener\">https:\/\/ec.europa.eu\/consumers\/odr\/<\/a>.<\/p><h2>Verbraucherstreitbeilegung\/Universalschlichtungsstelle<\/h2><p>Wir sind nicht bereit oder verpflichtet, an Streitbeilegungsverfahren vor einer Verbraucherschlichtungsstelle teilzunehmen.<\/p><h2>Picture credits<\/h2><p>cck print media GmbH, Christian Bernhardt<\/p><p>Pixabay,\u00a0pixabay.com<\/p><\/div><\/div><\/div><\/div><\/div><\/div><\/div><\/div><\/section>\t\t\t\t\t\t\t\t<\/div>\n\t\t\t\t\t<\/div>\n\t\t<\/div>\n\t\t\t\t\t<\/div>\n\t\t<\/section>\n\t\t\t\t<\/div>","protected":false},"excerpt":{"rendered":"<p>Impressum Angaben gem\u00e4\u00df \u00a7 5 TMG Hotel An der Philharmonie GmbHPaul Humburg Stra\u00dfe 2150737 K\u00f6ln Handelsregister: 17728Registergericht: Amtsgericht K\u00f6ln Umsatzsteuer-ID Umsatzsteuer-Identifikationsnummer gem\u00e4\u00df \u00a7 27 a Umsatzsteuergesetz:DE122799473 Redaktionell verantwortlich Hotel An der Philharmonie GmbH EU-Streitschlichtung Die Europ\u00e4ische Kommission stellt eine Plattform zur Online-Streitschlichtung (OS) bereit\u00a0https:\/\/ec.europa.eu\/consumers\/odr\/. Verbraucherstreitbeilegung\/Universalschlichtungsstelle Wir sind nicht bereit oder verpflichtet, an Streitbeilegungsverfahren vor einer [&hellip;]<\/p>\n","protected":false},"author":2,"featured_media":0,"parent":0,"menu_order":0,"comment_status":"closed","ping_status":"closed","template":"elementor_header_footer","meta":{"footnotes":""},"class_list":["post-509","page","type-page","status-publish","hentry"],"yoast_head":"<!-- This site is optimized with the Yoast SEO plugin v27.3 - https:\/\/yoast.com\/product\/yoast-seo-wordpress\/ -->\n<title>Impressum - Hotel Allegro<\/title>\n<meta name=\"description\" content=\"Angaben gem\u00e4\u00df \u00a7 5 TMG Hotel An der Philharmonie GmbH Paul Humburg Stra\u00dfe 21 50737 K\u00f6ln Handelsregister: 17728 Registergericht: Amtsgericht K\u00f6ln\" \/>\n<meta name=\"robots\" content=\"index, follow, max-snippet:-1, max-image-preview:large, max-video-preview:-1\" \/>\n<link rel=\"canonical\" href=\"https:\/\/hotel-allegro.com\/en\/impressum\/\" \/>\n<meta property=\"og:locale\" content=\"en_GB\" \/>\n<meta property=\"og:type\" content=\"article\" \/>\n<meta property=\"og:title\" content=\"Impressum - Hotel Allegro\" \/>\n<meta property=\"og:description\" content=\"Angaben gem\u00e4\u00df \u00a7 5 TMG Hotel An der Philharmonie GmbH Paul Humburg Stra\u00dfe 21 50737 K\u00f6ln Handelsregister: 17728 Registergericht: Amtsgericht K\u00f6ln\" \/>\n<meta property=\"og:url\" content=\"https:\/\/hotel-allegro.com\/en\/impressum\/\" \/>\n<meta property=\"og:site_name\" content=\"Hotel Allegro\" \/>\n<meta property=\"article:modified_time\" content=\"2024-06-21T11:17:22+00:00\" \/>\n<meta property=\"og:image\" content=\"https:\/\/hotel-allegro.com\/wp-content\/uploads\/2020\/10\/hg-impressum.jpg\" \/>\n<meta name=\"twitter:card\" content=\"summary_large_image\" \/>\n<meta name=\"twitter:label1\" content=\"Estimated reading time\" \/>\n\t<meta name=\"twitter:data1\" content=\"1 minute\" \/>\n<script type=\"application\/ld+json\" class=\"yoast-schema-graph\">{\"@context\":\"https:\\\/\\\/schema.org\",\"@graph\":[{\"@type\":\"WebPage\",\"@id\":\"https:\\\/\\\/hotel-allegro.com\\\/impressum\\\/\",\"url\":\"https:\\\/\\\/hotel-allegro.com\\\/impressum\\\/\",\"name\":\"Impressum - Hotel Allegro\",\"isPartOf\":{\"@id\":\"https:\\\/\\\/hotel-allegro.com\\\/#website\"},\"primaryImageOfPage\":{\"@id\":\"https:\\\/\\\/hotel-allegro.com\\\/impressum\\\/#primaryimage\"},\"image\":{\"@id\":\"https:\\\/\\\/hotel-allegro.com\\\/impressum\\\/#primaryimage\"},\"thumbnailUrl\":\"https:\\\/\\\/hotel-allegro.com\\\/wp-content\\\/uploads\\\/2020\\\/10\\\/hg-impressum.jpg\",\"datePublished\":\"2020-10-12T12:47:34+00:00\",\"dateModified\":\"2024-06-21T11:17:22+00:00\",\"description\":\"Angaben gem\u00e4\u00df \u00a7 5 TMG Hotel An der Philharmonie GmbH Paul Humburg Stra\u00dfe 21 50737 K\u00f6ln Handelsregister: 17728 Registergericht: Amtsgericht K\u00f6ln\",\"breadcrumb\":{\"@id\":\"https:\\\/\\\/hotel-allegro.com\\\/impressum\\\/#breadcrumb\"},\"inLanguage\":\"en-GB\",\"potentialAction\":[{\"@type\":\"ReadAction\",\"target\":[\"https:\\\/\\\/hotel-allegro.com\\\/impressum\\\/\"]}]},{\"@type\":\"ImageObject\",\"inLanguage\":\"en-GB\",\"@id\":\"https:\\\/\\\/hotel-allegro.com\\\/impressum\\\/#primaryimage\",\"url\":\"https:\\\/\\\/hotel-allegro.com\\\/wp-content\\\/uploads\\\/2020\\\/10\\\/hg-impressum.jpg\",\"contentUrl\":\"https:\\\/\\\/hotel-allegro.com\\\/wp-content\\\/uploads\\\/2020\\\/10\\\/hg-impressum.jpg\"},{\"@type\":\"BreadcrumbList\",\"@id\":\"https:\\\/\\\/hotel-allegro.com\\\/impressum\\\/#breadcrumb\",\"itemListElement\":[{\"@type\":\"ListItem\",\"position\":1,\"name\":\"Startseite\",\"item\":\"https:\\\/\\\/hotel-allegro.com\\\/\"},{\"@type\":\"ListItem\",\"position\":2,\"name\":\"Impressum\"}]},{\"@type\":\"WebSite\",\"@id\":\"https:\\\/\\\/hotel-allegro.com\\\/#website\",\"url\":\"https:\\\/\\\/hotel-allegro.com\\\/\",\"name\":\"Hotel Allegro\",\"description\":\"4-Sterne-HOTEL ALLEGRO in K\u00f6ln\",\"publisher\":{\"@id\":\"https:\\\/\\\/hotel-allegro.com\\\/#organization\"},\"potentialAction\":[{\"@type\":\"SearchAction\",\"target\":{\"@type\":\"EntryPoint\",\"urlTemplate\":\"https:\\\/\\\/hotel-allegro.com\\\/?s={search_term_string}\"},\"query-input\":{\"@type\":\"PropertyValueSpecification\",\"valueRequired\":true,\"valueName\":\"search_term_string\"}}],\"inLanguage\":\"en-GB\"},{\"@type\":\"Organization\",\"@id\":\"https:\\\/\\\/hotel-allegro.com\\\/#organization\",\"name\":\"Hotel Allegro\",\"url\":\"https:\\\/\\\/hotel-allegro.com\\\/\",\"logo\":{\"@type\":\"ImageObject\",\"inLanguage\":\"en-GB\",\"@id\":\"https:\\\/\\\/hotel-allegro.com\\\/#\\\/schema\\\/logo\\\/image\\\/\",\"url\":\"https:\\\/\\\/hotel-allegro.com\\\/wp-content\\\/uploads\\\/2020\\\/10\\\/logo_allegro_weiss1.png\",\"contentUrl\":\"https:\\\/\\\/hotel-allegro.com\\\/wp-content\\\/uploads\\\/2020\\\/10\\\/logo_allegro_weiss1.png\",\"width\":449,\"height\":118,\"caption\":\"Hotel Allegro\"},\"image\":{\"@id\":\"https:\\\/\\\/hotel-allegro.com\\\/#\\\/schema\\\/logo\\\/image\\\/\"}}]}<\/script>\n<!-- \/ Yoast SEO plugin. -->","yoast_head_json":{"title":"Impressum - Hotel Allegro","description":"Angaben gem\u00e4\u00df \u00a7 5 TMG Hotel An der Philharmonie GmbH Paul Humburg Stra\u00dfe 21 50737 K\u00f6ln Handelsregister: 17728 Registergericht: Amtsgericht K\u00f6ln","robots":{"index":"index","follow":"follow","max-snippet":"max-snippet:-1","max-image-preview":"max-image-preview:large","max-video-preview":"max-video-preview:-1"},"canonical":"https:\/\/hotel-allegro.com\/en\/impressum\/","og_locale":"en_GB","og_type":"article","og_title":"Impressum - Hotel Allegro","og_description":"Angaben gem\u00e4\u00df \u00a7 5 TMG Hotel An der Philharmonie GmbH Paul Humburg Stra\u00dfe 21 50737 K\u00f6ln Handelsregister: 17728 Registergericht: Amtsgericht K\u00f6ln","og_url":"https:\/\/hotel-allegro.com\/en\/impressum\/","og_site_name":"Hotel Allegro","article_modified_time":"2024-06-21T11:17:22+00:00","og_image":[{"url":"https:\/\/hotel-allegro.com\/wp-content\/uploads\/2020\/10\/hg-impressum.jpg","type":"","width":"","height":""}],"twitter_card":"summary_large_image","twitter_misc":{"Estimated reading time":"1 minute"},"schema":{"@context":"https:\/\/schema.org","@graph":[{"@type":"WebPage","@id":"https:\/\/hotel-allegro.com\/impressum\/","url":"https:\/\/hotel-allegro.com\/impressum\/","name":"Impressum - Hotel Allegro","isPartOf":{"@id":"https:\/\/hotel-allegro.com\/#website"},"primaryImageOfPage":{"@id":"https:\/\/hotel-allegro.com\/impressum\/#primaryimage"},"image":{"@id":"https:\/\/hotel-allegro.com\/impressum\/#primaryimage"},"thumbnailUrl":"https:\/\/hotel-allegro.com\/wp-content\/uploads\/2020\/10\/hg-impressum.jpg","datePublished":"2020-10-12T12:47:34+00:00","dateModified":"2024-06-21T11:17:22+00:00","description":"Angaben gem\u00e4\u00df \u00a7 5 TMG Hotel An der Philharmonie GmbH Paul Humburg Stra\u00dfe 21 50737 K\u00f6ln Handelsregister: 17728 Registergericht: Amtsgericht K\u00f6ln","breadcrumb":{"@id":"https:\/\/hotel-allegro.com\/impressum\/#breadcrumb"},"inLanguage":"en-GB","potentialAction":[{"@type":"ReadAction","target":["https:\/\/hotel-allegro.com\/impressum\/"]}]},{"@type":"ImageObject","inLanguage":"en-GB","@id":"https:\/\/hotel-allegro.com\/impressum\/#primaryimage","url":"https:\/\/hotel-allegro.com\/wp-content\/uploads\/2020\/10\/hg-impressum.jpg","contentUrl":"https:\/\/hotel-allegro.com\/wp-content\/uploads\/2020\/10\/hg-impressum.jpg"},{"@type":"BreadcrumbList","@id":"https:\/\/hotel-allegro.com\/impressum\/#breadcrumb","itemListElement":[{"@type":"ListItem","position":1,"name":"Startseite","item":"https:\/\/hotel-allegro.com\/"},{"@type":"ListItem","position":2,"name":"Impressum"}]},{"@type":"WebSite","@id":"https:\/\/hotel-allegro.com\/#website","url":"https:\/\/hotel-allegro.com\/","name":"Hotel Allegro","description":"4-Sterne-HOTEL ALLEGRO in K\u00f6ln","publisher":{"@id":"https:\/\/hotel-allegro.com\/#organization"},"potentialAction":[{"@type":"SearchAction","target":{"@type":"EntryPoint","urlTemplate":"https:\/\/hotel-allegro.com\/?s={search_term_string}"},"query-input":{"@type":"PropertyValueSpecification","valueRequired":true,"valueName":"search_term_string"}}],"inLanguage":"en-GB"},{"@type":"Organization","@id":"https:\/\/hotel-allegro.com\/#organization","name":"Hotel Allegro","url":"https:\/\/hotel-allegro.com\/","logo":{"@type":"ImageObject","inLanguage":"en-GB","@id":"https:\/\/hotel-allegro.com\/#\/schema\/logo\/image\/","url":"https:\/\/hotel-allegro.com\/wp-content\/uploads\/2020\/10\/logo_allegro_weiss1.png","contentUrl":"https:\/\/hotel-allegro.com\/wp-content\/uploads\/2020\/10\/logo_allegro_weiss1.png","width":449,"height":118,"caption":"Hotel Allegro"},"image":{"@id":"https:\/\/hotel-allegro.com\/#\/schema\/logo\/image\/"}}]}},"_links":{"self":[{"href":"https:\/\/hotel-allegro.com\/en\/wp-json\/wp\/v2\/pages\/509","targetHints":{"allow":["GET"]}}],"collection":[{"href":"https:\/\/hotel-allegro.com\/en\/wp-json\/wp\/v2\/pages"}],"about":[{"href":"https:\/\/hotel-allegro.com\/en\/wp-json\/wp\/v2\/types\/page"}],"author":[{"embeddable":true,"href":"https:\/\/hotel-allegro.com\/en\/wp-json\/wp\/v2\/users\/2"}],"replies":[{"embeddable":true,"href":"https:\/\/hotel-allegro.com\/en\/wp-json\/wp\/v2\/comments?post=509"}],"version-history":[{"count":61,"href":"https:\/\/hotel-allegro.com\/en\/wp-json\/wp\/v2\/pages\/509\/revisions"}],"predecessor-version":[{"id":3023,"href":"https:\/\/hotel-allegro.com\/en\/wp-json\/wp\/v2\/pages\/509\/revisions\/3023"}],"wp:attachment":[{"href":"https:\/\/hotel-allegro.com\/en\/wp-json\/wp\/v2\/media?parent=509"}],"curies":[{"name":"wp","href":"https:\/\/api.w.org\/{rel}","templated":true}]}}