{"id":603,"date":"2023-03-31T13:24:39","date_gmt":"2023-03-31T11:24:39","guid":{"rendered":"https:\/\/hotel-allegro.com\/?page_id=603"},"modified":"2024-06-21T13:18:41","modified_gmt":"2024-06-21T11:18:41","slug":"events-und-aktivitaeten","status":"publish","type":"page","link":"https:\/\/hotel-allegro.com\/en\/events-und-aktivitaeten\/","title":{"rendered":"Events und Aktivit\u00e4ten"},"content":{"rendered":"<div data-elementor-type=\"wp-page\" data-elementor-id=\"603\" class=\"elementor elementor-603\" data-elementor-post-type=\"page\">\n\t\t\t\t\t\t<section class=\"elementor-section elementor-top-section elementor-element elementor-element-d890d5e elementor-section-content-middle elementor-section-height-min-height elementor-section-boxed elementor-section-height-default elementor-section-items-middle\" data-id=\"d890d5e\" data-element_type=\"section\" data-e-type=\"section\" data-settings=\"{&quot;background_background&quot;:&quot;classic&quot;}\">\n\t\t\t\t\t\t\t<div class=\"elementor-background-overlay\"><\/div>\n\t\t\t\t\t\t\t<div class=\"elementor-container elementor-column-gap-wider\">\n\t\t\t\t\t<div class=\"elementor-column elementor-col-100 elementor-top-column elementor-element elementor-element-54dd01ac\" data-id=\"54dd01ac\" data-element_type=\"column\" data-e-type=\"column\">\n\t\t\t<div class=\"elementor-widget-wrap elementor-element-populated\">\n\t\t\t\t\t\t<div class=\"elementor-element elementor-element-19de3971 animated-slow elementor-invisible elementor-widget elementor-widget-image\" data-id=\"19de3971\" data-element_type=\"widget\" data-e-type=\"widget\" data-settings=\"{&quot;_animation&quot;:&quot;fadeIn&quot;}\" data-widget_type=\"image.default\">\n\t\t\t\t\t\t\t\t\t\t\t\t\t\t\t<img fetchpriority=\"high\" decoding=\"async\" width=\"856\" height=\"245\" src=\"https:\/\/hotel-allegro.com\/wp-content\/uploads\/2023\/04\/logo_allegro_weiss2.png\" class=\"attachment-full size-full wp-image-1110\" alt=\"\" srcset=\"https:\/\/hotel-allegro.com\/wp-content\/uploads\/2023\/04\/logo_allegro_weiss2.png 856w, https:\/\/hotel-allegro.com\/wp-content\/uploads\/2023\/04\/logo_allegro_weiss2-300x86.png 300w, https:\/\/hotel-allegro.com\/wp-content\/uploads\/2023\/04\/logo_allegro_weiss2-768x220.png 768w\" sizes=\"(max-width: 856px) 100vw, 856px\" \/>\t\t\t\t\t\t\t\t\t\t\t\t\t\t\t<\/div>\n\t\t\t\t\t<\/div>\n\t\t<\/div>\n\t\t\t\t\t<\/div>\n\t\t<\/section>\n\t\t\t\t<section class=\"elementor-section elementor-top-section elementor-element elementor-element-6af7e745 elementor-section-content-middle elementor-section-boxed elementor-section-height-default elementor-section-height-default\" data-id=\"6af7e745\" data-element_type=\"section\" data-e-type=\"section\">\n\t\t\t\t\t\t<div class=\"elementor-container elementor-column-gap-no\">\n\t\t\t\t\t<div class=\"elementor-column elementor-col-100 elementor-top-column elementor-element elementor-element-2267bb6\" data-id=\"2267bb6\" data-element_type=\"column\" data-e-type=\"column\">\n\t\t\t<div class=\"elementor-widget-wrap elementor-element-populated\">\n\t\t\t\t\t\t<div class=\"elementor-element elementor-element-2629f73 elementor-widget elementor-widget-text-editor\" data-id=\"2629f73\" data-element_type=\"widget\" data-e-type=\"widget\" data-widget_type=\"text-editor.default\">\n\t\t\t\t\t\t\t\t\t<h1>K\u00f6lns sch\u00f6ne Seiten erleben<\/h1>\t\t\t\t\t\t\t\t<\/div>\n\t\t\t\t<div class=\"elementor-element elementor-element-65665018 elementor-widget elementor-widget-text-editor\" data-id=\"65665018\" data-element_type=\"widget\" data-e-type=\"widget\" data-widget_type=\"text-editor.default\">\n\t\t\t\t\t\t\t\t\t<h2><strong>Eine Vielfalt an Events und Entertainment<\/strong><\/h2><p>In K\u00f6ln wird es niemals langweilig, dank seiner vielen Events und Aktivit\u00e4ten in und um die Stadt herum. Ob der K\u00f6lner Stra\u00dfenkarneval, der Christopher Street Day, die Kirmes an der Rheinpromenade oder Open Air Veranstaltungen im Tanzbrunnen<\/p>\t\t\t\t\t\t\t\t<\/div>\n\t\t\t\t<div class=\"elementor-element elementor-element-c7d209d elementor-widget elementor-widget-text-editor\" data-id=\"c7d209d\" data-element_type=\"widget\" data-e-type=\"widget\" data-widget_type=\"text-editor.default\">\n\t\t\t\t\t\t\t\t\t<h3><strong>Chocolate to indulge in<\/strong><b>\u00a0<\/b><\/h3><p>Das <a href=\"https:\/\/www.schokoladenmuseum.de\/\" target=\"_blank\" rel=\"noopener\">chocolate museum<\/a> in K\u00f6ln ist in der Tat ein Highlight f\u00fcr Besucher jeden Alters. Die Gelegenheit, die Geschichte der Schokolade zu erleben und sich von den verlockenden Aromen und K\u00f6stlichkeiten verf\u00fchren zu lassen, ist ein unvergessliches Erlebnis.<\/p><p>\u00a0<\/p>\t\t\t\t\t\t\t\t<\/div>\n\t\t\t\t<div class=\"elementor-element elementor-element-8dddac0 elementor-widget__width-initial elementor-widget elementor-widget-text-editor\" data-id=\"8dddac0\" data-element_type=\"widget\" data-e-type=\"widget\" data-widget_type=\"text-editor.default\">\n\t\t\t\t\t\t\t\t\t<h3><strong>Das Herz von K\u00f6ln &#8211; Der K\u00f6lner Dom<\/strong><\/h3><p>Auch das Wahrzeichen unserer Stadt, der <a href=\"https:\/\/www.koelner-dom.de\/\" target=\"_blank\" rel=\"noopener\">K\u00f6lner Dom<\/a>, ist auf jeden Fall ein Besuch wert. Seine umfangreiche Geschichte und seine Architektur, l\u00e4sst jeden Besucher faszinieren und staunen.<\/p><p>\u00a0<\/p>\t\t\t\t\t\t\t\t<\/div>\n\t\t\t\t<div class=\"elementor-element elementor-element-e755e97 elementor-widget__width-initial elementor-widget elementor-widget-text-editor\" data-id=\"e755e97\" data-element_type=\"widget\" data-e-type=\"widget\" data-widget_type=\"text-editor.default\">\n\t\t\t\t\t\t\t\t\t<h3><strong>K\u00f6ln&#8217;s Ader &#8211; Vater Rhein<\/strong><\/h3><p>Bei einer entspannten <a href=\"https:\/\/www.koelntourismus.de\/buchen\/schiffstouren\" target=\"_blank\" rel=\"noopener\">Schiffrundfahrt<\/a> lassen sich die Schiffsanlegerstellen zwischen der Hohenzollernbr\u00fccke und der Deutzer Br\u00fccke schnell und einfach zu Fu\u00df erreichen.<\/p><p>\u00a0<\/p>\t\t\t\t\t\t\t\t<\/div>\n\t\t\t\t<div class=\"elementor-element elementor-element-ff6010c elementor-widget__width-initial elementor-widget elementor-widget-text-editor\" data-id=\"ff6010c\" data-element_type=\"widget\" data-e-type=\"widget\" data-widget_type=\"text-editor.default\">\n\t\t\t\t\t\t\t\t\t<h3><strong>Fu\u00dfball &#8211; Atmosph\u00e4re pur<br \/><\/strong><\/h3><p>F\u00fcr alle Fu\u00dfballbegeisterte empfehlen wir das <a href=\"https:\/\/www.rheinenergiestadion.de\/\" target=\"_blank\" rel=\"noopener\">Rhein-Energie-Stadion<\/a> des 1. FC K\u00f6ln in K\u00f6ln-M\u00fcngersdorf. Mit dem \u00d6PNV l\u00e4sst sich das Stadion direkt mit der Linie 1 der KVB von der Haltestelle Heumarkt, welche Sie innerhalb von 5 Minuten fu\u00dfl\u00e4ufig von uns erreichen k\u00f6nnen.<\/p><p>\u00a0<\/p>\t\t\t\t\t\t\t\t<\/div>\n\t\t\t\t<div class=\"elementor-element elementor-element-7ae40ba elementor-widget__width-initial elementor-widget elementor-widget-text-editor\" data-id=\"7ae40ba\" data-element_type=\"widget\" data-e-type=\"widget\" data-widget_type=\"text-editor.default\">\n\t\t\t\t\t\t\t\t\t<h3><strong>Hier wird Sportgeschichte niedergeschieben<br \/><\/strong><\/h3><p>Interessiert Sie die Sportgeschichte, so ist das <a href=\"https:\/\/sportmuseum.de\/https:\/\/sportmuseum.de\/\" target=\"_blank\" rel=\"noopener\">Sportmuseum<\/a> die beste Anlaufstelle direkt neben dem Schokoladenmuseum. Auch f\u00fcr festliche Events ist es eine sch\u00f6ne Location, um tolle Feiern zu veranstalten.<\/p><p>\u00a0<\/p>\t\t\t\t\t\t\t\t<\/div>\n\t\t\t\t<div class=\"elementor-element elementor-element-fc375ee elementor-widget__width-initial elementor-widget elementor-widget-text-editor\" data-id=\"fc375ee\" data-element_type=\"widget\" data-e-type=\"widget\" data-widget_type=\"text-editor.default\">\n\t\t\t\t\t\t\t\t\t<h3><strong>Festlichkeiten &#8211; K\u00f6lns Weihnachtsm\u00e4rkte<br \/><\/strong><\/h3><p>Dar\u00fcber hinaus bietet K\u00f6ln w\u00e4hrend der Weihnachtszeit einen besonderen Zauber. Die verschiedenen <a href=\"https:\/\/www.koeln.de\/weihnachten\/weihnachtsmaerkte-koeln\/\" target=\"_blank\" rel=\"noopener\">Weihnachtsm\u00e4rkte<\/a>, die vom &#8222;klassischen&#8220; Weihnachtsmarkt, \u00fcber den Mittelalter-Weihnachtsmarkt bis hin zum Weihnachtsmarkt der K\u00f6stlichkeiten reichen, versetzen die Stadt in eine festliche Atmosph\u00e4re. Die M\u00f6glichkeit, durch die geschm\u00fcckten Gassen zu schlendern, traditionelles Handwerk zu bewundern und sich an Gl\u00fchwein und Leckereien zu erfreuen, macht einen Besuch auf den K\u00f6lner Weihnachtsm\u00e4rkten zu einem unvergesslichen Erlebnis.<\/p>\t\t\t\t\t\t\t\t<\/div>\n\t\t\t\t\t<\/div>\n\t\t<\/div>\n\t\t\t\t\t<\/div>\n\t\t<\/section>\n\t\t\t\t<section class=\"elementor-section elementor-top-section elementor-element elementor-element-26c0375f elementor-section-full_width elementor-section-height-default elementor-section-height-default\" data-id=\"26c0375f\" data-element_type=\"section\" data-e-type=\"section\" data-settings=\"{&quot;background_background&quot;:&quot;classic&quot;}\">\n\t\t\t\t\t\t\t<div class=\"elementor-background-overlay\"><\/div>\n\t\t\t\t\t\t\t<div class=\"elementor-container elementor-column-gap-default\">\n\t\t\t\t\t<div class=\"elementor-column elementor-col-100 elementor-top-column elementor-element elementor-element-a86d1e7\" data-id=\"a86d1e7\" data-element_type=\"column\" data-e-type=\"column\" data-settings=\"{&quot;background_background&quot;:&quot;classic&quot;}\">\n\t\t\t<div class=\"elementor-widget-wrap elementor-element-populated\">\n\t\t\t\t\t\t<div class=\"elementor-element elementor-element-6641a4ee elementor-widget elementor-widget-spacer\" data-id=\"6641a4ee\" data-element_type=\"widget\" data-e-type=\"widget\" data-widget_type=\"spacer.default\">\n\t\t\t\t\t\t\t<div class=\"elementor-spacer\">\n\t\t\t<div class=\"elementor-spacer-inner\"><\/div>\n\t\t<\/div>\n\t\t\t\t\t\t<\/div>\n\t\t\t\t<div class=\"elementor-element elementor-element-5c33dd39 elementor-widget elementor-widget-text-editor\" data-id=\"5c33dd39\" data-element_type=\"widget\" data-e-type=\"widget\" data-widget_type=\"text-editor.default\">\n\t\t\t\t\t\t\t\t\t<h3>This might also interest you<\/h3>\t\t\t\t\t\t\t\t<\/div>\n\t\t\t\t<section class=\"elementor-section elementor-inner-section elementor-element elementor-element-1b567d32 elementor-section-full_width elementor-section-height-default elementor-section-height-default\" data-id=\"1b567d32\" data-element_type=\"section\" data-e-type=\"section\" data-settings=\"{&quot;animation&quot;:&quot;none&quot;,&quot;background_background&quot;:&quot;classic&quot;}\">\n\t\t\t\t\t\t\t<div class=\"elementor-background-overlay\"><\/div>\n\t\t\t\t\t\t\t<div class=\"elementor-container elementor-column-gap-wide\">\n\t\t\t\t\t<div class=\"elementor-column elementor-col-33 elementor-inner-column elementor-element elementor-element-3952f99e\" data-id=\"3952f99e\" data-element_type=\"column\" data-e-type=\"column\" data-settings=\"{&quot;background_background&quot;:&quot;classic&quot;,&quot;animation&quot;:&quot;none&quot;}\">\n\t\t\t<div class=\"elementor-widget-wrap elementor-element-populated\">\n\t\t\t\t\t<div class=\"elementor-background-overlay\"><\/div>\n\t\t\t\t\t\t<div class=\"elementor-element elementor-element-11157992 elementor-cta--tablet-layout-image-above elementor-cta--valign-middle elementor-cta--skin-classic elementor-animated-content elementor-bg-transform elementor-bg-transform-zoom-in elementor-widget elementor-widget-call-to-action\" data-id=\"11157992\" data-element_type=\"widget\" data-e-type=\"widget\" data-widget_type=\"call-to-action.default\">\n\t\t\t\t\t\t\t<a class=\"elementor-cta\" href=\"https:\/\/www.ccs-busreisen.de\/de\/\" target=\"_blank\">\n\t\t\t\t\t<div class=\"elementor-cta__bg-wrapper\">\n\t\t\t\t<div class=\"elementor-cta__bg elementor-bg\" style=\"background-image: url(https:\/\/hotel-allegro.com\/wp-content\/uploads\/2023\/04\/busreisen_2.jpg);\" role=\"img\" aria-label=\"busreisen_2\"><\/div>\n\t\t\t\t<div class=\"elementor-cta__bg-overlay\"><\/div>\n\t\t\t<\/div>\n\t\t\t\t\t\t\t<div class=\"elementor-cta__content\">\n\t\t\t\t\n\t\t\t\t\t\t\t\t\t<h2 class=\"elementor-cta__title elementor-cta__content-item elementor-content-item\">\n\t\t\t\t\t\tStadtrundfahrt\t\t\t\t\t<\/h2>\n\t\t\t\t\n\t\t\t\t\n\t\t\t\t\t\t\t<\/div>\n\t\t\t\t\t\t<\/a>\n\t\t\t\t\t\t<\/div>\n\t\t\t\t\t<\/div>\n\t\t<\/div>\n\t\t\t\t<div class=\"elementor-column elementor-col-33 elementor-inner-column elementor-element elementor-element-f9634dc\" data-id=\"f9634dc\" data-element_type=\"column\" data-e-type=\"column\" data-settings=\"{&quot;background_background&quot;:&quot;classic&quot;,&quot;animation&quot;:&quot;none&quot;}\">\n\t\t\t<div class=\"elementor-widget-wrap elementor-element-populated\">\n\t\t\t\t\t<div class=\"elementor-background-overlay\"><\/div>\n\t\t\t\t\t\t<div class=\"elementor-element elementor-element-07d51fb elementor-cta--tablet-layout-image-above elementor-cta--valign-middle elementor-cta--skin-classic elementor-animated-content elementor-bg-transform elementor-bg-transform-zoom-in elementor-widget elementor-widget-call-to-action\" data-id=\"07d51fb\" data-element_type=\"widget\" data-e-type=\"widget\" data-widget_type=\"call-to-action.default\">\n\t\t\t\t\t\t\t<a class=\"elementor-cta\" href=\"https:\/\/www.ebinghaus-koeln.de\/de-de\/\" target=\"_blank\">\n\t\t\t\t\t<div class=\"elementor-cta__bg-wrapper\">\n\t\t\t\t<div class=\"elementor-cta__bg elementor-bg\" style=\"background-image: url(https:\/\/hotel-allegro.com\/wp-content\/uploads\/2023\/04\/ebinghaus.jpg);\" role=\"img\" aria-label=\"ebinghaus\"><\/div>\n\t\t\t\t<div class=\"elementor-cta__bg-overlay\"><\/div>\n\t\t\t<\/div>\n\t\t\t\t\t\t\t<div class=\"elementor-cta__content\">\n\t\t\t\t\n\t\t\t\t\t\t\t\t\t<h2 class=\"elementor-cta__title elementor-cta__content-item elementor-content-item\">\n\t\t\t\t\t\tEbinghaus\t\t\t\t\t<\/h2>\n\t\t\t\t\n\t\t\t\t\n\t\t\t\t\t\t\t<\/div>\n\t\t\t\t\t\t<\/a>\n\t\t\t\t\t\t<\/div>\n\t\t\t\t\t<\/div>\n\t\t<\/div>\n\t\t\t\t<div class=\"elementor-column elementor-col-33 elementor-inner-column elementor-element elementor-element-65fe51a\" data-id=\"65fe51a\" data-element_type=\"column\" data-e-type=\"column\" data-settings=\"{&quot;background_background&quot;:&quot;classic&quot;,&quot;animation&quot;:&quot;none&quot;}\">\n\t\t\t<div class=\"elementor-widget-wrap elementor-element-populated\">\n\t\t\t\t\t<div class=\"elementor-background-overlay\"><\/div>\n\t\t\t\t\t\t<div class=\"elementor-element elementor-element-8fa0cf3 elementor-cta--tablet-layout-image-above elementor-cta--valign-middle elementor-cta--skin-classic elementor-animated-content elementor-bg-transform elementor-bg-transform-zoom-in elementor-widget elementor-widget-call-to-action\" data-id=\"8fa0cf3\" data-element_type=\"widget\" data-e-type=\"widget\" data-widget_type=\"call-to-action.default\">\n\t\t\t\t\t\t\t<a class=\"elementor-cta\" href=\"https:\/\/www.ccs-busreisen.de\/de\/\" target=\"_blank\">\n\t\t\t\t\t<div class=\"elementor-cta__bg-wrapper\">\n\t\t\t\t<div class=\"elementor-cta__bg elementor-bg\" style=\"background-image: url(https:\/\/hotel-allegro.com\/wp-content\/uploads\/2023\/04\/koeln_messe.jpg);\" role=\"img\" aria-label=\"koeln_messe\"><\/div>\n\t\t\t\t<div class=\"elementor-cta__bg-overlay\"><\/div>\n\t\t\t<\/div>\n\t\t\t\t\t\t\t<div class=\"elementor-cta__content\">\n\t\t\t\t\n\t\t\t\t\t\t\t\t\t<h2 class=\"elementor-cta__title elementor-cta__content-item elementor-content-item\">\n\t\t\t\t\t\tMessen und Veranstaltungen\t\t\t\t\t<\/h2>\n\t\t\t\t\n\t\t\t\t\t\t\t\t\t<div class=\"elementor-cta__description elementor-cta__content-item elementor-content-item\">\n\t\t\t\t\t\tin Cologne and surroundings\t\t\t\t\t<\/div>\n\t\t\t\t\n\t\t\t\t\t\t\t<\/div>\n\t\t\t\t\t\t<\/a>\n\t\t\t\t\t\t<\/div>\n\t\t\t\t\t<\/div>\n\t\t<\/div>\n\t\t\t\t\t<\/div>\n\t\t<\/section>\n\t\t\t\t<div class=\"elementor-element elementor-element-520e4010 elementor-widget elementor-widget-spacer\" data-id=\"520e4010\" data-element_type=\"widget\" data-e-type=\"widget\" data-widget_type=\"spacer.default\">\n\t\t\t\t\t\t\t<div class=\"elementor-spacer\">\n\t\t\t<div class=\"elementor-spacer-inner\"><\/div>\n\t\t<\/div>\n\t\t\t\t\t\t<\/div>\n\t\t\t\t\t<\/div>\n\t\t<\/div>\n\t\t\t\t\t<\/div>\n\t\t<\/section>\n\t\t\t\t<\/div>","protected":false},"excerpt":{"rendered":"<p>K\u00f6lns sch\u00f6ne Seiten erleben Eine Vielfalt an Events und Entertainment In K\u00f6ln wird es niemals langweilig, dank seiner vielen Events und Aktivit\u00e4ten in und um die Stadt herum. Ob der K\u00f6lner Stra\u00dfenkarneval, der Christopher Street Day, die Kirmes an der Rheinpromenade oder Open Air Veranstaltungen im Tanzbrunnen Schokolade zum Verw\u00f6hnen\u00a0 Das Schokoladenmuseum in K\u00f6ln ist [&hellip;]<\/p>\n","protected":false},"author":6,"featured_media":0,"parent":0,"menu_order":0,"comment_status":"closed","ping_status":"closed","template":"elementor_header_footer","meta":{"footnotes":""},"class_list":["post-603","page","type-page","status-publish","hentry"],"yoast_head":"<!-- This site is optimized with the Yoast SEO plugin v27.3 - https:\/\/yoast.com\/product\/yoast-seo-wordpress\/ -->\n<title>Events und Aktivit\u00e4ten - Hotel Allegro<\/title>\n<meta name=\"description\" content=\"K\u00f6ln hat so einiges zu bieten und f\u00fcr jeden ist etwas dabei. Viele Aktivit\u00e4ten und Events lassen sich in K\u00fcrze von uns aus erreichen.\" \/>\n<meta name=\"robots\" content=\"index, follow, max-snippet:-1, max-image-preview:large, max-video-preview:-1\" \/>\n<link rel=\"canonical\" href=\"https:\/\/hotel-allegro.com\/en\/events-und-aktivitaeten\/\" \/>\n<meta property=\"og:locale\" content=\"en_GB\" \/>\n<meta property=\"og:type\" content=\"article\" \/>\n<meta property=\"og:title\" content=\"Events und Aktivit\u00e4ten - Hotel Allegro\" \/>\n<meta property=\"og:description\" content=\"K\u00f6ln hat so einiges zu bieten und f\u00fcr jeden ist etwas dabei. Viele Aktivit\u00e4ten und Events lassen sich in K\u00fcrze von uns aus erreichen.\" \/>\n<meta property=\"og:url\" content=\"https:\/\/hotel-allegro.com\/en\/events-und-aktivitaeten\/\" \/>\n<meta property=\"og:site_name\" content=\"Hotel Allegro\" \/>\n<meta property=\"article:modified_time\" content=\"2024-06-21T11:18:41+00:00\" \/>\n<meta property=\"og:image\" content=\"https:\/\/hotel-allegro.com\/wp-content\/uploads\/2023\/04\/logo_allegro_weiss2.png\" \/>\n<meta name=\"twitter:card\" content=\"summary_large_image\" \/>\n<meta name=\"twitter:label1\" content=\"Estimated reading time\" \/>\n\t<meta name=\"twitter:data1\" content=\"2 minutes\" \/>\n<script type=\"application\/ld+json\" class=\"yoast-schema-graph\">{\"@context\":\"https:\\\/\\\/schema.org\",\"@graph\":[{\"@type\":\"WebPage\",\"@id\":\"https:\\\/\\\/hotel-allegro.com\\\/events-und-aktivitaeten\\\/\",\"url\":\"https:\\\/\\\/hotel-allegro.com\\\/events-und-aktivitaeten\\\/\",\"name\":\"Events und Aktivit\u00e4ten - Hotel Allegro\",\"isPartOf\":{\"@id\":\"https:\\\/\\\/hotel-allegro.com\\\/#website\"},\"primaryImageOfPage\":{\"@id\":\"https:\\\/\\\/hotel-allegro.com\\\/events-und-aktivitaeten\\\/#primaryimage\"},\"image\":{\"@id\":\"https:\\\/\\\/hotel-allegro.com\\\/events-und-aktivitaeten\\\/#primaryimage\"},\"thumbnailUrl\":\"https:\\\/\\\/hotel-allegro.com\\\/wp-content\\\/uploads\\\/2023\\\/04\\\/logo_allegro_weiss2.png\",\"datePublished\":\"2023-03-31T11:24:39+00:00\",\"dateModified\":\"2024-06-21T11:18:41+00:00\",\"description\":\"K\u00f6ln hat so einiges zu bieten und f\u00fcr jeden ist etwas dabei. Viele Aktivit\u00e4ten und Events lassen sich in K\u00fcrze von uns aus erreichen.\",\"breadcrumb\":{\"@id\":\"https:\\\/\\\/hotel-allegro.com\\\/events-und-aktivitaeten\\\/#breadcrumb\"},\"inLanguage\":\"en-GB\",\"potentialAction\":[{\"@type\":\"ReadAction\",\"target\":[\"https:\\\/\\\/hotel-allegro.com\\\/events-und-aktivitaeten\\\/\"]}]},{\"@type\":\"ImageObject\",\"inLanguage\":\"en-GB\",\"@id\":\"https:\\\/\\\/hotel-allegro.com\\\/events-und-aktivitaeten\\\/#primaryimage\",\"url\":\"https:\\\/\\\/hotel-allegro.com\\\/wp-content\\\/uploads\\\/2023\\\/04\\\/logo_allegro_weiss2.png\",\"contentUrl\":\"https:\\\/\\\/hotel-allegro.com\\\/wp-content\\\/uploads\\\/2023\\\/04\\\/logo_allegro_weiss2.png\"},{\"@type\":\"BreadcrumbList\",\"@id\":\"https:\\\/\\\/hotel-allegro.com\\\/events-und-aktivitaeten\\\/#breadcrumb\",\"itemListElement\":[{\"@type\":\"ListItem\",\"position\":1,\"name\":\"Startseite\",\"item\":\"https:\\\/\\\/hotel-allegro.com\\\/\"},{\"@type\":\"ListItem\",\"position\":2,\"name\":\"Events und Aktivit\u00e4ten\"}]},{\"@type\":\"WebSite\",\"@id\":\"https:\\\/\\\/hotel-allegro.com\\\/#website\",\"url\":\"https:\\\/\\\/hotel-allegro.com\\\/\",\"name\":\"Hotel Allegro\",\"description\":\"4-Sterne-HOTEL ALLEGRO in K\u00f6ln\",\"publisher\":{\"@id\":\"https:\\\/\\\/hotel-allegro.com\\\/#organization\"},\"potentialAction\":[{\"@type\":\"SearchAction\",\"target\":{\"@type\":\"EntryPoint\",\"urlTemplate\":\"https:\\\/\\\/hotel-allegro.com\\\/?s={search_term_string}\"},\"query-input\":{\"@type\":\"PropertyValueSpecification\",\"valueRequired\":true,\"valueName\":\"search_term_string\"}}],\"inLanguage\":\"en-GB\"},{\"@type\":\"Organization\",\"@id\":\"https:\\\/\\\/hotel-allegro.com\\\/#organization\",\"name\":\"Hotel Allegro\",\"url\":\"https:\\\/\\\/hotel-allegro.com\\\/\",\"logo\":{\"@type\":\"ImageObject\",\"inLanguage\":\"en-GB\",\"@id\":\"https:\\\/\\\/hotel-allegro.com\\\/#\\\/schema\\\/logo\\\/image\\\/\",\"url\":\"https:\\\/\\\/hotel-allegro.com\\\/wp-content\\\/uploads\\\/2020\\\/10\\\/logo_allegro_weiss1.png\",\"contentUrl\":\"https:\\\/\\\/hotel-allegro.com\\\/wp-content\\\/uploads\\\/2020\\\/10\\\/logo_allegro_weiss1.png\",\"width\":449,\"height\":118,\"caption\":\"Hotel Allegro\"},\"image\":{\"@id\":\"https:\\\/\\\/hotel-allegro.com\\\/#\\\/schema\\\/logo\\\/image\\\/\"}}]}<\/script>\n<!-- \/ Yoast SEO plugin. -->","yoast_head_json":{"title":"Events und Aktivit\u00e4ten - Hotel Allegro","description":"K\u00f6ln hat so einiges zu bieten und f\u00fcr jeden ist etwas dabei. Viele Aktivit\u00e4ten und Events lassen sich in K\u00fcrze von uns aus erreichen.","robots":{"index":"index","follow":"follow","max-snippet":"max-snippet:-1","max-image-preview":"max-image-preview:large","max-video-preview":"max-video-preview:-1"},"canonical":"https:\/\/hotel-allegro.com\/en\/events-und-aktivitaeten\/","og_locale":"en_GB","og_type":"article","og_title":"Events und Aktivit\u00e4ten - Hotel Allegro","og_description":"K\u00f6ln hat so einiges zu bieten und f\u00fcr jeden ist etwas dabei. Viele Aktivit\u00e4ten und Events lassen sich in K\u00fcrze von uns aus erreichen.","og_url":"https:\/\/hotel-allegro.com\/en\/events-und-aktivitaeten\/","og_site_name":"Hotel Allegro","article_modified_time":"2024-06-21T11:18:41+00:00","og_image":[{"url":"https:\/\/hotel-allegro.com\/wp-content\/uploads\/2023\/04\/logo_allegro_weiss2.png","type":"","width":"","height":""}],"twitter_card":"summary_large_image","twitter_misc":{"Estimated reading time":"2 minutes"},"schema":{"@context":"https:\/\/schema.org","@graph":[{"@type":"WebPage","@id":"https:\/\/hotel-allegro.com\/events-und-aktivitaeten\/","url":"https:\/\/hotel-allegro.com\/events-und-aktivitaeten\/","name":"Events und Aktivit\u00e4ten - Hotel Allegro","isPartOf":{"@id":"https:\/\/hotel-allegro.com\/#website"},"primaryImageOfPage":{"@id":"https:\/\/hotel-allegro.com\/events-und-aktivitaeten\/#primaryimage"},"image":{"@id":"https:\/\/hotel-allegro.com\/events-und-aktivitaeten\/#primaryimage"},"thumbnailUrl":"https:\/\/hotel-allegro.com\/wp-content\/uploads\/2023\/04\/logo_allegro_weiss2.png","datePublished":"2023-03-31T11:24:39+00:00","dateModified":"2024-06-21T11:18:41+00:00","description":"K\u00f6ln hat so einiges zu bieten und f\u00fcr jeden ist etwas dabei. Viele Aktivit\u00e4ten und Events lassen sich in K\u00fcrze von uns aus erreichen.","breadcrumb":{"@id":"https:\/\/hotel-allegro.com\/events-und-aktivitaeten\/#breadcrumb"},"inLanguage":"en-GB","potentialAction":[{"@type":"ReadAction","target":["https:\/\/hotel-allegro.com\/events-und-aktivitaeten\/"]}]},{"@type":"ImageObject","inLanguage":"en-GB","@id":"https:\/\/hotel-allegro.com\/events-und-aktivitaeten\/#primaryimage","url":"https:\/\/hotel-allegro.com\/wp-content\/uploads\/2023\/04\/logo_allegro_weiss2.png","contentUrl":"https:\/\/hotel-allegro.com\/wp-content\/uploads\/2023\/04\/logo_allegro_weiss2.png"},{"@type":"BreadcrumbList","@id":"https:\/\/hotel-allegro.com\/events-und-aktivitaeten\/#breadcrumb","itemListElement":[{"@type":"ListItem","position":1,"name":"Startseite","item":"https:\/\/hotel-allegro.com\/"},{"@type":"ListItem","position":2,"name":"Events und Aktivit\u00e4ten"}]},{"@type":"WebSite","@id":"https:\/\/hotel-allegro.com\/#website","url":"https:\/\/hotel-allegro.com\/","name":"Hotel Allegro","description":"4-Sterne-HOTEL ALLEGRO in K\u00f6ln","publisher":{"@id":"https:\/\/hotel-allegro.com\/#organization"},"potentialAction":[{"@type":"SearchAction","target":{"@type":"EntryPoint","urlTemplate":"https:\/\/hotel-allegro.com\/?s={search_term_string}"},"query-input":{"@type":"PropertyValueSpecification","valueRequired":true,"valueName":"search_term_string"}}],"inLanguage":"en-GB"},{"@type":"Organization","@id":"https:\/\/hotel-allegro.com\/#organization","name":"Hotel Allegro","url":"https:\/\/hotel-allegro.com\/","logo":{"@type":"ImageObject","inLanguage":"en-GB","@id":"https:\/\/hotel-allegro.com\/#\/schema\/logo\/image\/","url":"https:\/\/hotel-allegro.com\/wp-content\/uploads\/2020\/10\/logo_allegro_weiss1.png","contentUrl":"https:\/\/hotel-allegro.com\/wp-content\/uploads\/2020\/10\/logo_allegro_weiss1.png","width":449,"height":118,"caption":"Hotel Allegro"},"image":{"@id":"https:\/\/hotel-allegro.com\/#\/schema\/logo\/image\/"}}]}},"_links":{"self":[{"href":"https:\/\/hotel-allegro.com\/en\/wp-json\/wp\/v2\/pages\/603","targetHints":{"allow":["GET"]}}],"collection":[{"href":"https:\/\/hotel-allegro.com\/en\/wp-json\/wp\/v2\/pages"}],"about":[{"href":"https:\/\/hotel-allegro.com\/en\/wp-json\/wp\/v2\/types\/page"}],"author":[{"embeddable":true,"href":"https:\/\/hotel-allegro.com\/en\/wp-json\/wp\/v2\/users\/6"}],"replies":[{"embeddable":true,"href":"https:\/\/hotel-allegro.com\/en\/wp-json\/wp\/v2\/comments?post=603"}],"version-history":[{"count":95,"href":"https:\/\/hotel-allegro.com\/en\/wp-json\/wp\/v2\/pages\/603\/revisions"}],"predecessor-version":[{"id":3041,"href":"https:\/\/hotel-allegro.com\/en\/wp-json\/wp\/v2\/pages\/603\/revisions\/3041"}],"wp:attachment":[{"href":"https:\/\/hotel-allegro.com\/en\/wp-json\/wp\/v2\/media?parent=603"}],"curies":[{"name":"wp","href":"https:\/\/api.w.org\/{rel}","templated":true}]}}